{"id":988,"date":"2025-07-24T10:29:24","date_gmt":"2025-07-24T10:29:24","guid":{"rendered":"https:\/\/navya.es\/?page_id=988"},"modified":"2025-08-26T12:16:22","modified_gmt":"2025-08-26T12:16:22","slug":"infraestructuras-aeronauticas","status":"publish","type":"page","link":"https:\/\/navya.es\/en\/infraestructuras-aeronauticas\/","title":{"rendered":"Aeronautical Infrastructure"},"content":{"rendered":"<div class=\"wp-block-group alignfull has-background-background-color has-background has-global-padding is-layout-constrained wp-container-core-group-is-layout-177749e6 wp-block-group-is-layout-constrained\" style=\"margin-top:0;margin-bottom:0;padding-top:0;padding-right:var(--wp--preset--spacing--30);padding-bottom:var(--wp--preset--spacing--50);padding-left:var(--wp--preset--spacing--30)\">\n<div class=\"wp-block-group alignwide is-vertical is-layout-flex wp-container-core-group-is-layout-203a1e5a wp-block-group-is-layout-flex\" style=\"padding-top:0\">\n<div class=\"wp-block-group has-global-padding is-layout-constrained wp-block-group-is-layout-constrained\">\n<div data-aos= \"fade\" data-aos-duration=\"400\" data-aos-delay=\"0\" data-aos-easing=\"ease\" data-aos-once=\"true\" class=\"wp-block-uagb-advanced-heading uagb-block-a08eec75\"><h2 class=\"uagb-heading-text\">Aeronautical Infrastructure<\/h2><\/div>\n\n\n\n<p class=\"has-foreground-alt-color has-text-color has-link-color has-medium-font-size wp-elements-15fc2b1c457efa7cb094e9902477bcac\" style=\"margin-top:16px\">We work with developers, engineering firms, and airport operators on the planning, design, and certification of aeronautical infrastructure. We assess the technical feasibility of all types of aerodromes, support the approval process with AESA, and prepare compatibility studies and operational designs from both a regulatory and functional perspective.<\/p>\n<\/div>\n<\/div>\n\n\n\n<div class=\"wp-block-columns alignwide is-layout-flex wp-container-core-columns-is-layout-08c01c1c wp-block-columns-is-layout-flex\">\n<div class=\"wp-block-column is-layout-flow wp-block-column-is-layout-flow\" style=\"flex-basis:50%\">\n<div class=\"wp-block-cover is-light extendify-image-import\" style=\"border-style:none;border-width:0rem;border-radius:0.5rem;min-height:100%;aspect-ratio:unset;\"><img fetchpriority=\"high\" decoding=\"async\" width=\"1024\" height=\"522\" class=\"wp-block-cover__image-background wp-image-2265 size-large\" alt=\"\" src=\"http:\/\/navya.es\/wp-content\/uploads\/2025\/08\/7-1024x522.jpg\" data-object-fit=\"cover\" srcset=\"https:\/\/navya.es\/wp-content\/uploads\/2025\/08\/7-1024x522.jpg 1024w, https:\/\/navya.es\/wp-content\/uploads\/2025\/08\/7-300x153.jpg 300w, https:\/\/navya.es\/wp-content\/uploads\/2025\/08\/7-768x392.jpg 768w, https:\/\/navya.es\/wp-content\/uploads\/2025\/08\/7-18x9.jpg 18w, https:\/\/navya.es\/wp-content\/uploads\/2025\/08\/7.jpg 1273w\" sizes=\"(max-width: 1024px) 100vw, 1024px\" \/><span aria-hidden=\"true\" class=\"wp-block-cover__background has-background-dim-0 has-background-dim\"><\/span><div class=\"wp-block-cover__inner-container is-layout-flow wp-block-cover-is-layout-flow\">\n<div style=\"height:207px\" aria-hidden=\"true\" class=\"wp-block-spacer\"><\/div>\n<\/div><\/div>\n<\/div>\n\n\n\n<div class=\"wp-block-column is-layout-flow wp-block-column-is-layout-flow\" style=\"padding-top:var(--wp--preset--spacing--30);padding-bottom:var(--wp--preset--spacing--30);flex-basis:50%\">\n<div class=\"wp-block-group is-nowrap is-layout-flex wp-container-core-group-is-layout-501511a6 wp-block-group-is-layout-flex\">\n<figure class=\"wp-block-image size-large ext-aspect-landscape extendify-image-import wp-duotone-primary-foreground\"><img decoding=\"async\" src=\"data:image\/svg+xml;base64,PHN2ZyB4bWxucz0iaHR0cDovL3d3dy53My5vcmcvMjAwMC9zdmciIHdpZHRoPSI0OCIgaGVpZ2h0PSI0OCIgZmlsbD0ibm9uZSIgdmlld0JveD0iMCAwIDQ4IDQ4Ij48bWFzayBpZD0iYSIgd2lkdGg9IjQ4IiBoZWlnaHQ9IjQ4IiB4PSIwIiB5PSIwIiBtYXNrVW5pdHM9InVzZXJTcGFjZU9uVXNlIiBzdHlsZT0ibWFzay10eXBlOmFscGhhIj48cGF0aCBmaWxsPSIjRDlEOUQ5IiBkPSJNMCAwaDQ4djQ4SDB6Ii8+PC9tYXNrPjxnIG1hc2s9InVybCgjYSkiPjxwYXRoIGZpbGw9IiMxQzFCMUYiIGQ9Ik0yNCA0NGMtMi44MzMgMC01LjQ2Ny0uNTA4LTcuOS0xLjUyNS0yLjQzMy0xLjAxNy00LjU1LTIuNDI1LTYuMzUtNC4yMjUtMS44LTEuOC0zLjIwOC0zLjkxNy00LjIyNS02LjM1QzQuNTA4IDI5LjQ2NyA0IDI2LjgzMyA0IDI0YzAtMi44LjUwOC01LjQxNyAxLjUyNS03Ljg1UzcuOTUgMTEuNiA5Ljc1IDkuOGMxLjgtMS44IDMuOTE3LTMuMjE3IDYuMzUtNC4yNVMyMS4xNjcgNCAyNCA0YzIuNSAwIDQuODMzLjQgNyAxLjIgMi4xNjcuOCA0LjExNyAxLjkgNS44NSAzLjNsLTIuMTUgMi4xNWExNi43MzIgMTYuNzMyIDAgMCAwLTQuOS0yLjdDMjggNy4zMTcgMjYuMDY3IDcgMjQgN2MtNC44MzMgMC04Ljg3NSAxLjYyNS0xMi4xMjUgNC44NzVTNyAxOS4xNjcgNyAyNHMxLjYyNSA4Ljg3NSA0Ljg3NSAxMi4xMjVTMTkuMTY3IDQxIDI0IDQxczguODc1LTEuNjI1IDEyLjEyNS00Ljg3NVM0MSAyOC44MzMgNDEgMjRjMC0xLS4wNzUtMS45NzUtLjIyNS0yLjkyNS0uMTUtLjk1LS4zNzUtMS44NzUtLjY3NS0yLjc3NWwyLjMtMi4zYTE5LjEyMiAxOS4xMjIgMCAwIDEgMS4yIDMuODVjLjI2NyAxLjMzMy40IDIuNzE3LjQgNC4xNSAwIDIuODMzLS41MTcgNS40NjctMS41NSA3LjktMS4wMzMgMi40MzMtMi40NSA0LjU1LTQuMjUgNi4zNS0xLjggMS44LTMuOTE3IDMuMjA4LTYuMzUgNC4yMjVDMjkuNDE3IDQzLjQ5MiAyNi44IDQ0IDI0IDQ0Wm0tMi45NS0xMC45LTguMjUtOC4zIDIuMjUtMi4yNSA2IDYgMjAuNy0yMC43IDIuMyAyLjI1LTIzIDIzWiIvPjwvZz48L3N2Zz4=\" alt=\"\" style=\"object-fit:cover\"\/><\/figure>\n\n\n\n<div class=\"wp-block-group wp-container-content-958eb9dc has-global-padding is-layout-constrained wp-block-group-is-layout-constrained\">\n<h3 class=\"wp-block-heading has-medium-font-size\" style=\"line-height:1.5\">Comprehensive Vision \u2013 From Regulation to Operations<\/h3>\n\n\n\n<p class=\"has-small-font-size\" style=\"margin-top:4px\">We approach each project considering both regulatory requirements (ICAO, AESA) and the real operational needs of end users.<\/p>\n<\/div>\n<\/div>\n\n\n\n<div class=\"wp-block-group is-nowrap is-layout-flex wp-container-core-group-is-layout-501511a6 wp-block-group-is-layout-flex\">\n<figure class=\"wp-block-image size-large ext-aspect-landscape extendify-image-import wp-duotone-primary-foreground\"><img decoding=\"async\" src=\"data:image\/svg+xml;base64,PHN2ZyB4bWxucz0iaHR0cDovL3d3dy53My5vcmcvMjAwMC9zdmciIHdpZHRoPSI0OCIgaGVpZ2h0PSI0OCIgZmlsbD0ibm9uZSIgdmlld0JveD0iMCAwIDQ4IDQ4Ij48bWFzayBpZD0iYSIgd2lkdGg9IjQ4IiBoZWlnaHQ9IjQ4IiB4PSIwIiB5PSIwIiBtYXNrVW5pdHM9InVzZXJTcGFjZU9uVXNlIiBzdHlsZT0ibWFzay10eXBlOmFscGhhIj48cGF0aCBmaWxsPSIjRDlEOUQ5IiBkPSJNMCAwaDQ4djQ4SDB6Ii8+PC9tYXNrPjxnIG1hc2s9InVybCgjYSkiPjxwYXRoIGZpbGw9IiMxQzFCMUYiIGQ9Ik0yNCA0NGMtMi44MzMgMC01LjQ2Ny0uNTA4LTcuOS0xLjUyNS0yLjQzMy0xLjAxNy00LjU1LTIuNDI1LTYuMzUtNC4yMjUtMS44LTEuOC0zLjIwOC0zLjkxNy00LjIyNS02LjM1QzQuNTA4IDI5LjQ2NyA0IDI2LjgzMyA0IDI0YzAtMi44LjUwOC01LjQxNyAxLjUyNS03Ljg1UzcuOTUgMTEuNiA5Ljc1IDkuOGMxLjgtMS44IDMuOTE3LTMuMjE3IDYuMzUtNC4yNVMyMS4xNjcgNCAyNCA0YzIuNSAwIDQuODMzLjQgNyAxLjIgMi4xNjcuOCA0LjExNyAxLjkgNS44NSAzLjNsLTIuMTUgMi4xNWExNi43MzIgMTYuNzMyIDAgMCAwLTQuOS0yLjdDMjggNy4zMTcgMjYuMDY3IDcgMjQgN2MtNC44MzMgMC04Ljg3NSAxLjYyNS0xMi4xMjUgNC44NzVTNyAxOS4xNjcgNyAyNHMxLjYyNSA4Ljg3NSA0Ljg3NSAxMi4xMjVTMTkuMTY3IDQxIDI0IDQxczguODc1LTEuNjI1IDEyLjEyNS00Ljg3NVM0MSAyOC44MzMgNDEgMjRjMC0xLS4wNzUtMS45NzUtLjIyNS0yLjkyNS0uMTUtLjk1LS4zNzUtMS44NzUtLjY3NS0yLjc3NWwyLjMtMi4zYTE5LjEyMiAxOS4xMjIgMCAwIDEgMS4yIDMuODVjLjI2NyAxLjMzMy40IDIuNzE3LjQgNC4xNSAwIDIuODMzLS41MTcgNS40NjctMS41NSA3LjktMS4wMzMgMi40MzMtMi40NSA0LjU1LTQuMjUgNi4zNS0xLjggMS44LTMuOTE3IDMuMjA4LTYuMzUgNC4yMjVDMjkuNDE3IDQzLjQ5MiAyNi44IDQ0IDI0IDQ0Wm0tMi45NS0xMC45LTguMjUtOC4zIDIuMjUtMi4yNSA2IDYgMjAuNy0yMC43IDIuMyAyLjI1LTIzIDIzWiIvPjwvZz48L3N2Zz4=\" alt=\"\" style=\"object-fit:cover\"\/><\/figure>\n\n\n\n<div class=\"wp-block-group wp-container-content-958eb9dc has-global-padding is-layout-constrained wp-block-group-is-layout-constrained\">\n<h3 class=\"wp-block-heading has-medium-font-size\" style=\"line-height:1.5\">Specific Solutions for Each Type of Infrastructure<\/h3>\n\n\n\n<p class=\"has-small-font-size\" style=\"margin-top:4px\">Whether for conventional aerodromes, heliports, water aerodromes, or UAS facilities, we propose viable, sustainable designs aligned with the environment and expected traffic.<\/p>\n<\/div>\n<\/div>\n<\/div>\n<\/div>\n<\/div>\n\n\n\n<div class=\"wp-block-group alignfull has-tertiary-background-color has-background has-global-padding is-layout-constrained wp-container-core-group-is-layout-e91899f0 wp-block-group-is-layout-constrained\" style=\"margin-top:0;margin-bottom:0;padding-top:var(--wp--preset--spacing--40);padding-right:var(--wp--preset--spacing--30);padding-bottom:var(--wp--preset--spacing--30);padding-left:var(--wp--preset--spacing--30)\">\n<div class=\"wp-block-group alignwide is-vertical is-layout-flex wp-container-core-group-is-layout-fe9cc265 wp-block-group-is-layout-flex\">\n<div class=\"wp-block-group alignwide has-global-padding is-content-justification-left is-layout-constrained wp-container-core-group-is-layout-8b4c372c wp-block-group-is-layout-constrained\">\n<div data-aos= \"fade\" data-aos-duration=\"400\" data-aos-delay=\"0\" data-aos-easing=\"ease\" data-aos-once=\"true\" class=\"wp-block-uagb-advanced-heading uagb-block-0a7b02d0\"><h2 class=\"uagb-heading-text\">Services for Infrastructure Managers<\/h2><\/div>\n<\/div>\n<\/div>\n\n\n\n<div class=\"wp-block-cover alignwide is-light\" style=\"border-radius:1rem;min-height:218px;aspect-ratio:unset;\"><img decoding=\"async\" width=\"1024\" height=\"768\" class=\"wp-block-cover__image-background wp-image-2267 size-large\" alt=\"\" src=\"http:\/\/navya.es\/wp-content\/uploads\/2025\/08\/12-2-1024x768.jpg\" style=\"object-position:52% 66%\" data-object-fit=\"cover\" data-object-position=\"52% 66%\" srcset=\"https:\/\/navya.es\/wp-content\/uploads\/2025\/08\/12-2-1024x768.jpg 1024w, https:\/\/navya.es\/wp-content\/uploads\/2025\/08\/12-2-300x225.jpg 300w, https:\/\/navya.es\/wp-content\/uploads\/2025\/08\/12-2-768x576.jpg 768w, https:\/\/navya.es\/wp-content\/uploads\/2025\/08\/12-2-1536x1152.jpg 1536w, https:\/\/navya.es\/wp-content\/uploads\/2025\/08\/12-2-2048x1536.jpg 2048w, https:\/\/navya.es\/wp-content\/uploads\/2025\/08\/12-2-16x12.jpg 16w\" sizes=\"(max-width: 1024px) 100vw, 1024px\" \/><span aria-hidden=\"true\" class=\"wp-block-cover__background has-background-dim-30 has-background-dim\" style=\"background-color:#879db5\"><\/span><div class=\"wp-block-cover__inner-container has-global-padding is-layout-constrained wp-block-cover-is-layout-constrained\">\n<p class=\"has-text-align-center has-large-font-size\"><\/p>\n\n\n\n<div style=\"height:27px\" aria-hidden=\"true\" class=\"wp-block-spacer\"><\/div>\n<\/div><\/div>\n\n\n\n<div class=\"wp-block-columns alignwide is-layout-flex wp-container-core-columns-is-layout-c38b6a20 wp-block-columns-is-layout-flex\" style=\"margin-bottom:0;padding-bottom:var(--wp--preset--spacing--20)\">\n<div class=\"wp-block-column is-vertically-aligned-top is-layout-flow wp-block-column-is-layout-flow\" style=\"flex-basis:33.33%\">\n<h3 class=\"wp-block-heading has-medium-font-size\" style=\"line-height:1.5\">Capacity and Operations Optimization<\/h3>\n\n\n\n<p class=\"has-small-font-size\" style=\"margin-top:8px\">Capacity studies, traffic forecasts, and operational flow optimization, including Fast-Time Simulations (FTS).<\/p>\n<\/div>\n\n\n\n<div class=\"wp-block-column is-vertically-aligned-top is-layout-flow wp-block-column-is-layout-flow\" style=\"flex-basis:33.33%\">\n<h3 class=\"wp-block-heading has-medium-font-size\" style=\"line-height:1.5\">Airport, Heliport, and Vertiport Projects<\/h3>\n\n\n\n<p class=\"has-small-font-size\" style=\"margin-top:8px\">Development of aerodromes, heliports, water aerodromes, and vertiports in line with regulatory, operational, safety, and air connectivity criteria.<\/p>\n<\/div>\n\n\n\n<div class=\"wp-block-column is-layout-flow wp-block-column-is-layout-flow\" style=\"flex-basis:33.33%\">\n<h3 class=\"wp-block-heading has-text-align-left has-medium-font-size\">Airport Planning and Master Plans<\/h3>\n\n\n\n<p class=\"has-text-align-left has-small-font-size\" style=\"margin-top:8px\">Master plans and functional designs for airports of any scale. Technical, operational, and economic feasibility studies, including socio-economic and market positioning impact assessments.<\/p>\n<\/div>\n<\/div>\n<\/div>\n\n\n\n<div class=\"wp-block-group alignfull has-background-background-color has-background has-global-padding is-layout-constrained wp-container-core-group-is-layout-0fea1434 wp-block-group-is-layout-constrained\" style=\"margin-top:0;margin-bottom:0;padding-top:var(--wp--preset--spacing--40);padding-right:var(--wp--preset--spacing--30);padding-bottom:var(--wp--preset--spacing--30);padding-left:var(--wp--preset--spacing--30)\">\n<div class=\"wp-block-columns alignwide is-layout-flex wp-container-core-columns-is-layout-1da03c2a wp-block-columns-is-layout-flex\">\n<div class=\"wp-block-column is-layout-flow wp-block-column-is-layout-flow\">\n<div class=\"wp-block-group has-global-padding is-layout-constrained wp-block-group-is-layout-constrained\" style=\"border-bottom-color:var(--wp--preset--color--tertiary);border-bottom-width:1px;margin-top:0;padding-top:var(--wp--preset--spacing--30);padding-bottom:var(--wp--preset--spacing--30)\">\n<h4 class=\"wp-block-heading has-medium-font-size\">Noise Studies and Mitigation Measures<\/h4>\n\n\n\n<p class=\"has-small-font-size\" style=\"margin-top:12px\">Measurement campaigns, acoustic simulations, impact analyses, and definition of noise abatement measures for both airport environments and overflown areas.<\/p>\n<\/div>\n\n\n\n<div class=\"wp-block-group has-global-padding is-layout-constrained wp-block-group-is-layout-constrained\" style=\"border-bottom-color:var(--wp--preset--color--tertiary);border-bottom-width:1px;margin-top:0;padding-top:var(--wp--preset--spacing--30);padding-bottom:var(--wp--preset--spacing--30)\">\n<h4 class=\"wp-block-heading has-medium-font-size\">Obstacle Control and Technical Surveying<\/h4>\n\n\n\n<p class=\"has-small-font-size\" style=\"margin-top:12px\">Monitoring, surveillance, and analysis of obstacles within aeronautical limitation surfaces. Aerodrome surveying in accordance with ICAO Annex 15 and certification requirements.<\/p>\n<\/div>\n\n\n\n<div class=\"wp-block-group has-global-padding is-layout-constrained wp-block-group-is-layout-constrained\" style=\"border-bottom-color:var(--wp--preset--color--tertiary);border-bottom-width:1px;margin-top:0;padding-top:var(--wp--preset--spacing--30);padding-bottom:var(--wp--preset--spacing--30)\">\n<h4 class=\"wp-block-heading has-medium-font-size\">Legalization and Regulatory Processes<\/h4>\n\n\n\n<p class=\"has-small-font-size\" style=\"margin-top:12px\">Comprehensive support in the legalization and authorization of aeronautical infrastructure, including preparation of technical documentation and coordination with AESA and other Authorities.<\/p>\n<\/div>\n<\/div>\n\n\n\n<div class=\"wp-block-column is-layout-flow wp-block-column-is-layout-flow\">\n<div class=\"wp-block-cover is-light\" style=\"border-radius:1rem;min-height:568px;aspect-ratio:unset;\"><img decoding=\"async\" width=\"1024\" height=\"576\" class=\"wp-block-cover__image-background wp-image-1849 size-large\" alt=\"\" src=\"http:\/\/navya.es\/wp-content\/uploads\/2025\/08\/image-22-1024x576.jpg\" data-object-fit=\"cover\" srcset=\"https:\/\/navya.es\/wp-content\/uploads\/2025\/08\/image-22-1024x576.jpg 1024w, https:\/\/navya.es\/wp-content\/uploads\/2025\/08\/image-22-300x169.jpg 300w, https:\/\/navya.es\/wp-content\/uploads\/2025\/08\/image-22-768x432.jpg 768w, https:\/\/navya.es\/wp-content\/uploads\/2025\/08\/image-22.jpg 1080w\" sizes=\"(max-width: 1024px) 100vw, 1024px\" \/><span aria-hidden=\"true\" class=\"wp-block-cover__background has-background-dim-20 has-background-dim\" style=\"background-color:#8a7f75\"><\/span><div class=\"wp-block-cover__inner-container has-global-padding is-layout-constrained wp-block-cover-is-layout-constrained\">\n<p class=\"has-text-align-center has-large-font-size\"><\/p>\n<\/div><\/div>\n<\/div>\n<\/div>\n\n\n\n<div data-aos= \"fade\" data-aos-duration=\"400\" data-aos-delay=\"0\" data-aos-easing=\"ease\" data-aos-once=\"true\" class=\"wp-block-uagb-buttons uagb-buttons__outer-wrap uagb-btn__default-btn uagb-btn-tablet__default-btn uagb-btn-mobile__default-btn uagb-block-93d75947\"><div class=\"uagb-buttons__wrap uagb-buttons-layout-wrap\">\n<div class=\"wp-block-uagb-buttons-child uagb-buttons__outer-wrap uagb-block-c7704f65 wp-block-button\"><div class=\"uagb-button__wrapper\"><a class=\"uagb-buttons-repeater wp-block-button__link\" aria-label=\"\" href=\"https:\/\/navya.es\/en\/contacto\/\" rel=\"follow noopener\" target=\"_self\" role=\"button\"><div class=\"uagb-button__link\">Want to know more? Let\u2019s talk<\/div><\/a><\/div><\/div>\n<\/div><\/div>\n<\/div>\n\n\n\n<div class=\"wp-block-uagb-container uagb-block-e18e1c8d alignfull uagb-is-root-container\">\n<div class=\"wp-block-group alignfull has-background-background-color has-background has-global-padding is-layout-constrained wp-container-core-group-is-layout-69e97b25 wp-block-group-is-layout-constrained\" style=\"margin-top:0;margin-bottom:0;padding-top:var(--wp--preset--spacing--30);padding-right:var(--wp--preset--spacing--30);padding-bottom:var(--wp--preset--spacing--30);padding-left:var(--wp--preset--spacing--30)\">\n<div class=\"wp-block-group alignwide is-vertical is-layout-flex wp-container-core-group-is-layout-fe9cc265 wp-block-group-is-layout-flex\">\n<div class=\"wp-block-group is-layout-flow wp-block-group-is-layout-flow\">\n<div data-aos= \"fade\" data-aos-duration=\"400\" data-aos-delay=\"0\" data-aos-easing=\"ease\" data-aos-once=\"true\" class=\"wp-block-uagb-advanced-heading uagb-block-b8350936\"><h2 class=\"uagb-heading-text\">Related projects<\/h2><\/div>\n<\/div>\n<\/div>\n\n\n\n<div class=\"wp-block-columns alignwide is-layout-flex wp-container-core-columns-is-layout-47c06fe3 wp-block-columns-is-layout-flex\">\n<div class=\"wp-block-column is-layout-flow wp-block-column-is-layout-flow\">\n<div class=\"wp-block-uagb-image uagb-block-c19fd4d7 wp-block-uagb-image--layout-overlay wp-block-uagb-image--effect-static wp-block-uagb-image--align-none\"><figure class=\"wp-block-uagb-image__figure\"><a class=\"\" href=\"https:\/\/navya.es\/en\/desarrollo-aerodromo-privado\/\" target=\"\" rel=\"noopener\"><img loading=\"lazy\" decoding=\"async\" srcset=\"https:\/\/navya.es\/wp-content\/uploads\/2025\/08\/adrien-tanic-oCzt0g_W5pY-unsplash-1-1024x536.jpg ,https:\/\/navya.es\/wp-content\/uploads\/2025\/08\/adrien-tanic-oCzt0g_W5pY-unsplash-1-scaled.jpg 780w, https:\/\/navya.es\/wp-content\/uploads\/2025\/08\/adrien-tanic-oCzt0g_W5pY-unsplash-1-scaled.jpg 360w\" sizes=\"auto, (max-width: 480px) 150px\" src=\"https:\/\/navya.es\/wp-content\/uploads\/2025\/08\/adrien-tanic-oCzt0g_W5pY-unsplash-1-1024x536.jpg\" alt=\"\" class=\"uag-image-1606\" width=\"1024\" height=\"768\" title=\"adrien-tanic-oCzt0g_W5pY-unsplash\" role=\"img\"\/><\/a><div class=\"wp-block-uagb-image--layout-overlay__color-wrapper\"><\/div><div class=\"wp-block-uagb-image--layout-overlay__inner top-left\"><a class=\"wp-block-uagb-image--layout-overlay-link\" href=\"https:\/\/navya.es\/en\/desarrollo-aerodromo-privado\/\" target=\"\" rel=\"noopener\"><\/a><h6 class=\"uagb-image-heading\">Private Aerodrome Development <\/h6><\/div><\/figure><\/div>\n<\/div>\n\n\n\n<div class=\"wp-block-column is-layout-flow wp-block-column-is-layout-flow\"><\/div>\n\n\n\n<div class=\"wp-block-column is-layout-flow wp-block-column-is-layout-flow\"><\/div>\n<\/div>\n<\/div>\n<\/div>","protected":false},"excerpt":{"rendered":"<p>Infraestructuras aeron\u00e1uticas Colaboramos con promotores, ingenier\u00edas y gestores aeroportuarios en la planificaci\u00f3n, dise\u00f1o y certificaci\u00f3n de infraestructuras aeron\u00e1uticas. Evaluamos la viabilidad t\u00e9cnica de todo tipo de aer\u00f3dromos, apoyamos en la tramitaci\u00f3n ante AESA y elaboramos estudios de compatibilidad y dise\u00f1o operacional desde una perspectiva normativa y funcional. Visi\u00f3n integral desde la normativa hasta la operaci\u00f3n [&hellip;]<\/p>","protected":false},"author":2,"featured_media":0,"parent":0,"menu_order":0,"comment_status":"closed","ping_status":"closed","template":"","meta":{"_uag_custom_page_level_css":"","footnotes":""},"class_list":["post-988","page","type-page","status-publish","hentry"],"aioseo_notices":[],"uagb_featured_image_src":{"full":false,"thumbnail":false,"medium":false,"medium_large":false,"large":false,"1536x1536":false,"2048x2048":false,"trp-custom-language-flag":false},"uagb_author_info":{"display_name":"Tatiana Ram\u00edrez","author_link":"https:\/\/navya.es\/en\/author\/tramirez\/"},"uagb_comment_info":0,"uagb_excerpt":"Infraestructuras aeron\u00e1uticas Colaboramos con promotores, ingenier\u00edas y gestores aeroportuarios en la planificaci\u00f3n, dise\u00f1o y certificaci\u00f3n de infraestructuras aeron\u00e1uticas. Evaluamos la viabilidad t\u00e9cnica de todo tipo de aer\u00f3dromos, apoyamos en la tramitaci\u00f3n ante AESA y elaboramos estudios de compatibilidad y dise\u00f1o operacional desde una perspectiva normativa y funcional. Visi\u00f3n integral desde la normativa hasta la operaci\u00f3n&hellip;","_links":{"self":[{"href":"https:\/\/navya.es\/en\/wp-json\/wp\/v2\/pages\/988","targetHints":{"allow":["GET"]}}],"collection":[{"href":"https:\/\/navya.es\/en\/wp-json\/wp\/v2\/pages"}],"about":[{"href":"https:\/\/navya.es\/en\/wp-json\/wp\/v2\/types\/page"}],"author":[{"embeddable":true,"href":"https:\/\/navya.es\/en\/wp-json\/wp\/v2\/users\/2"}],"replies":[{"embeddable":true,"href":"https:\/\/navya.es\/en\/wp-json\/wp\/v2\/comments?post=988"}],"version-history":[{"count":0,"href":"https:\/\/navya.es\/en\/wp-json\/wp\/v2\/pages\/988\/revisions"}],"wp:attachment":[{"href":"https:\/\/navya.es\/en\/wp-json\/wp\/v2\/media?parent=988"}],"curies":[{"name":"wp","href":"https:\/\/api.w.org\/{rel}","templated":true}]}}