{"id":24,"date":"2025-07-02T13:14:45","date_gmt":"2025-07-02T13:14:45","guid":{"rendered":"https:\/\/navya.es\/servicios\/"},"modified":"2025-08-19T09:00:33","modified_gmt":"2025-08-19T09:00:33","slug":"servicios","status":"publish","type":"page","link":"https:\/\/navya.es\/en\/servicios\/","title":{"rendered":"Services"},"content":{"rendered":"<div class=\"wp-block-group alignwide has-global-padding is-layout-constrained wp-block-group-is-layout-constrained\" style=\"padding-top:0;padding-bottom:0\">\n<div class=\"wp-block-columns alignfull is-layout-flex wp-container-core-columns-is-layout-28f84493 wp-block-columns-is-layout-flex\">\n<div class=\"wp-block-column is-vertically-aligned-center is-layout-flow wp-block-column-is-layout-flow\" style=\"flex-basis:66.66%\">\n<div data-aos= \"fade\" data-aos-duration=\"400\" data-aos-delay=\"0\" data-aos-easing=\"ease\" data-aos-once=\"true\" class=\"wp-block-uagb-advanced-heading uagb-block-9931fd9f\"><h2 class=\"uagb-heading-text\">Transformamos problemas complejos en soluciones hol\u00edsticas<\/h2><\/div>\n<\/div>\n\n\n\n<div class=\"wp-block-column is-layout-flow wp-block-column-is-layout-flow\" style=\"flex-basis:33.33%\"><\/div>\n<\/div>\n<\/div>\n\n\n\n<div style=\"height:40px\" aria-hidden=\"true\" class=\"wp-block-spacer\"><\/div>\n\n\n\n<div class=\"wp-block-group alignwide has-tertiary-background-color has-background is-content-justification-center is-nowrap is-layout-flex wp-container-core-group-is-layout-0f454f50 wp-block-group-is-layout-flex\" id=\"acerca-de\" style=\"border-style:none;border-width:0px;border-radius:30px;margin-top:0px;margin-bottom:0px;padding-top:var(--wp--preset--spacing--30);padding-right:var(--wp--preset--spacing--30);padding-bottom:var(--wp--preset--spacing--30);padding-left:var(--wp--preset--spacing--30)\">\n<div class=\"wp-block-group alignwide has-global-padding is-layout-constrained wp-container-core-group-is-layout-a4e526f7 wp-block-group-is-layout-constrained\" style=\"min-height:0px;padding-top:0;padding-bottom:0\">\n<div class=\"wp-block-columns alignwide is-layout-flex wp-container-core-columns-is-layout-28f84493 wp-block-columns-is-layout-flex\">\n<div class=\"wp-block-column is-layout-flow wp-block-column-is-layout-flow\" style=\"flex-basis:66.66%\">\n<figure class=\"wp-block-image has-custom-border ext-aspect-landscape extendify-image-import\"><a href=\"https:\/\/navya.es\/en\/diseno-de-procedimientos-de-vuelo\/\"><img fetchpriority=\"high\" decoding=\"async\" width=\"1080\" height=\"720\" src=\"http:\/\/navya.es\/wp-content\/uploads\/2025\/07\/image-59.jpg\" alt=\"\" class=\"wp-image-364\" style=\"border-radius:1rem;aspect-ratio:4\/3;object-fit:cover\" srcset=\"https:\/\/navya.es\/wp-content\/uploads\/2025\/07\/image-59.jpg 1080w, https:\/\/navya.es\/wp-content\/uploads\/2025\/07\/image-59-300x200.jpg 300w, https:\/\/navya.es\/wp-content\/uploads\/2025\/07\/image-59-1024x683.jpg 1024w, https:\/\/navya.es\/wp-content\/uploads\/2025\/07\/image-59-768x512.jpg 768w\" sizes=\"(max-width: 1080px) 100vw, 1080px\" \/><\/a><\/figure>\n\n\n\n<h3 class=\"wp-block-heading\" style=\"margin-top:24px;font-size:clamp(14px, 0.875rem + ((1vw - 3.2px) * 0.625), 20px);line-height:1.5\">Flight Procedure Design (FPD)<\/h3>\n\n\n\n<p class=\"has-small-font-size\" style=\"margin-top:8px;margin-bottom:8px\">We design flight procedures that ensure safety and operational efficiency.<br><a href=\"https:\/\/navya.es\/en\/diseno-de-procedimientos-de-vuelo\/\">Read more<\/a><\/p>\n<\/div>\n\n\n\n<div class=\"wp-block-column is-layout-flow wp-block-column-is-layout-flow\" style=\"flex-basis:33.33%\">\n<figure class=\"wp-block-image has-custom-border ext-aspect-landscape extendify-image-import\"><a href=\"https:\/\/navya.es\/en\/estudios-y-consultoria-aeronautica\/\"><img decoding=\"async\" width=\"1080\" height=\"1440\" src=\"http:\/\/navya.es\/wp-content\/uploads\/2025\/07\/image-65.jpg\" alt=\"\" class=\"wp-image-370\" style=\"border-radius:1rem;aspect-ratio:4\/3;object-fit:cover\" srcset=\"https:\/\/navya.es\/wp-content\/uploads\/2025\/07\/image-65.jpg 1080w, https:\/\/navya.es\/wp-content\/uploads\/2025\/07\/image-65-225x300.jpg 225w, https:\/\/navya.es\/wp-content\/uploads\/2025\/07\/image-65-768x1024.jpg 768w\" sizes=\"(max-width: 1080px) 100vw, 1080px\" \/><\/a><\/figure>\n\n\n\n<h3 class=\"wp-block-heading\" style=\"margin-top:24px;font-size:clamp(14px, 0.875rem + ((1vw - 3.2px) * 0.625), 20px);line-height:1.5\">Aviation Studies and Consultancy<\/h3>\n\n\n\n<p class=\"has-small-font-size\" style=\"margin-top:8px;margin-bottom:8px\">Aeronautical and safety impact assessments, business strategy studies, regulatory processes with Authorities, and multi-standard certification.<br><a href=\"https:\/\/navya.es\/en\/estudios-y-consultoria-aeronautica\/\">Read more<\/a><\/p>\n\n\n\n<figure class=\"wp-block-image has-custom-border ext-aspect-landscape extendify-image-import\"><img decoding=\"async\" width=\"1080\" height=\"718\" src=\"http:\/\/navya.es\/wp-content\/uploads\/2025\/07\/image-66.jpg\" alt=\"\" class=\"wp-image-383\" style=\"border-radius:1rem;aspect-ratio:4\/3;object-fit:cover\" srcset=\"https:\/\/navya.es\/wp-content\/uploads\/2025\/07\/image-66.jpg 1080w, https:\/\/navya.es\/wp-content\/uploads\/2025\/07\/image-66-300x199.jpg 300w, https:\/\/navya.es\/wp-content\/uploads\/2025\/07\/image-66-1024x681.jpg 1024w, https:\/\/navya.es\/wp-content\/uploads\/2025\/07\/image-66-768x511.jpg 768w\" sizes=\"(max-width: 1080px) 100vw, 1080px\" \/><\/figure>\n\n\n\n<h3 class=\"wp-block-heading\" style=\"margin-top:24px;font-size:clamp(14px, 0.875rem + ((1vw - 3.2px) * 0.625), 20px);line-height:1.5\">Air Operators<\/h3>\n\n\n\n<p class=\"has-small-font-size\" style=\"margin-top:8px;margin-bottom:8px\">Comprehensive technical support in Operations Engineering, Safety, and Quality.<br><a href=\"https:\/\/navya.es\/en\/operadores-aereos\/\">Read more<\/a><\/p>\n<\/div>\n<\/div>\n<\/div>\n<\/div>\n\n\n\n<div class=\"wp-block-group alignfull has-background-background-color has-background has-global-padding is-layout-constrained wp-container-core-group-is-layout-ce8f60e3 wp-block-group-is-layout-constrained\" style=\"margin-top:0;margin-bottom:0;padding-top:var(--wp--preset--spacing--30);padding-right:var(--wp--preset--spacing--30);padding-bottom:var(--wp--preset--spacing--30);padding-left:var(--wp--preset--spacing--30)\">\n<div class=\"wp-block-columns alignwide is-layout-flex wp-container-core-columns-is-layout-5b525043 wp-block-columns-is-layout-flex\">\n<div class=\"wp-block-column is-layout-flow wp-block-column-is-layout-flow\">\n<figure class=\"wp-block-image size-large has-custom-border ext-aspect-landscape extendify-image-import\"><img loading=\"lazy\" decoding=\"async\" width=\"1024\" height=\"768\" src=\"http:\/\/navya.es\/wp-content\/uploads\/2025\/08\/2012-02-24-14.34.38-1024x768.jpg\" alt=\"\" class=\"wp-image-2096\" style=\"border-radius:1rem;aspect-ratio:4\/3;object-fit:cover\" srcset=\"https:\/\/navya.es\/wp-content\/uploads\/2025\/08\/2012-02-24-14.34.38-1024x768.jpg 1024w, https:\/\/navya.es\/wp-content\/uploads\/2025\/08\/2012-02-24-14.34.38-300x225.jpg 300w, https:\/\/navya.es\/wp-content\/uploads\/2025\/08\/2012-02-24-14.34.38-768x576.jpg 768w, https:\/\/navya.es\/wp-content\/uploads\/2025\/08\/2012-02-24-14.34.38-1536x1152.jpg 1536w, https:\/\/navya.es\/wp-content\/uploads\/2025\/08\/2012-02-24-14.34.38-2048x1536.jpg 2048w, https:\/\/navya.es\/wp-content\/uploads\/2025\/08\/2012-02-24-14.34.38-16x12.jpg 16w\" sizes=\"(max-width: 1024px) 100vw, 1024px\" \/><figcaption class=\"wp-element-caption\">User comments<\/figcaption><\/figure>\n\n\n\n<h3 class=\"wp-block-heading\" style=\"margin-top:24px;font-size:clamp(14px, 0.875rem + ((1vw - 3.2px) * 0.625), 20px);line-height:1.5\">Aeronautical Infrastructure<\/h3>\n\n\n\n<p class=\"has-small-font-size\" style=\"margin-top:8px\">Technical feasibility assessments for all types of aerodromes, support with AESA approval processes, and compatibility and operational design studies.<br><a href=\"https:\/\/navya.es\/en\/infraestructuras-aeronauticas\/\">Read more<\/a><\/p>\n<\/div>\n\n\n\n<div class=\"wp-block-column is-layout-flow wp-block-column-is-layout-flow\">\n<figure class=\"wp-block-image has-custom-border ext-aspect-landscape extendify-image-import\"><a href=\"https:\/\/navya.es\/en\/operaciones-con-uas-drones\/\"><img loading=\"lazy\" decoding=\"async\" width=\"1080\" height=\"720\" src=\"http:\/\/navya.es\/wp-content\/uploads\/2025\/07\/image-56.jpg\" alt=\"\" class=\"wp-image-361\" style=\"border-radius:1rem;aspect-ratio:4\/3;object-fit:cover\" srcset=\"https:\/\/navya.es\/wp-content\/uploads\/2025\/07\/image-56.jpg 1080w, https:\/\/navya.es\/wp-content\/uploads\/2025\/07\/image-56-300x200.jpg 300w, https:\/\/navya.es\/wp-content\/uploads\/2025\/07\/image-56-1024x683.jpg 1024w, https:\/\/navya.es\/wp-content\/uploads\/2025\/07\/image-56-768x512.jpg 768w\" sizes=\"(max-width: 1080px) 100vw, 1080px\" \/><\/a><\/figure>\n\n\n\n<h3 class=\"wp-block-heading\" style=\"margin-top:24px;font-size:clamp(14px, 0.875rem + ((1vw - 3.2px) * 0.625), 20px);line-height:1.5\">UAS \/ Drone Operations<\/h3>\n\n\n\n<p class=\"has-small-font-size\" style=\"margin-top:8px\">Technical and strategic advisory for operators, manufacturers, public administrations, and infrastructure managers.<br><a href=\"https:\/\/navya.es\/en\/operaciones-con-uas-drones\/\">Read more<\/a><\/p>\n<\/div>\n\n\n\n<div class=\"wp-block-column is-layout-flow wp-block-column-is-layout-flow\">\n<figure class=\"wp-block-image size-large has-custom-border ext-aspect-landscape extendify-image-import\"><img loading=\"lazy\" decoding=\"async\" width=\"1024\" height=\"682\" src=\"http:\/\/navya.es\/wp-content\/uploads\/2025\/08\/5869-096-NAVYA-29-de-septiembre-de-2020-\u00a9-FOTO-STB-ESTUDIO-1024x682.jpg\" alt=\"\" class=\"wp-image-2054\" style=\"border-radius:1rem;aspect-ratio:4\/3;object-fit:cover\" srcset=\"https:\/\/navya.es\/wp-content\/uploads\/2025\/08\/5869-096-NAVYA-29-de-septiembre-de-2020-\u00a9-FOTO-STB-ESTUDIO-1024x682.jpg 1024w, https:\/\/navya.es\/wp-content\/uploads\/2025\/08\/5869-096-NAVYA-29-de-septiembre-de-2020-\u00a9-FOTO-STB-ESTUDIO-300x200.jpg 300w, https:\/\/navya.es\/wp-content\/uploads\/2025\/08\/5869-096-NAVYA-29-de-septiembre-de-2020-\u00a9-FOTO-STB-ESTUDIO-768x511.jpg 768w, https:\/\/navya.es\/wp-content\/uploads\/2025\/08\/5869-096-NAVYA-29-de-septiembre-de-2020-\u00a9-FOTO-STB-ESTUDIO-1536x1023.jpg 1536w, https:\/\/navya.es\/wp-content\/uploads\/2025\/08\/5869-096-NAVYA-29-de-septiembre-de-2020-\u00a9-FOTO-STB-ESTUDIO-2048x1363.jpg 2048w, https:\/\/navya.es\/wp-content\/uploads\/2025\/08\/5869-096-NAVYA-29-de-septiembre-de-2020-\u00a9-FOTO-STB-ESTUDIO-18x12.jpg 18w\" sizes=\"(max-width: 1024px) 100vw, 1024px\" \/><\/figure>\n\n\n\n<h3 class=\"wp-block-heading\" style=\"margin-top:24px;font-size:clamp(14px, 0.875rem + ((1vw - 3.2px) * 0.625), 20px);line-height:1.5\">Formaci\u00f3n<\/h3>\n\n\n\n<p class=\"has-small-font-size\" style=\"margin-top:8px\">On-site and online seminars and courses in aeronautical training.<br><a href=\"https:\/\/navya.es\/en\/formacion-especializada\/\">Read more<\/a><\/p>\n<\/div>\n<\/div>\n<\/div>\n\n\n\n<div class=\"wp-block-group alignwide has-background-background-color has-background has-global-padding is-layout-constrained wp-container-core-group-is-layout-7276a2bb wp-block-group-is-layout-constrained\" style=\"margin-top:0;margin-bottom:0;padding-top:var(--wp--preset--spacing--60);padding-right:var(--wp--preset--spacing--30);padding-bottom:var(--wp--preset--spacing--60);padding-left:var(--wp--preset--spacing--30)\">\n<div class=\"wp-block-group alignwide has-tertiary-background-color has-background is-content-justification-space-between is-layout-flex wp-container-core-group-is-layout-4be20cc5 wp-block-group-is-layout-flex\" style=\"border-radius:1rem;padding-top:var(--wp--preset--spacing--50);padding-right:var(--wp--preset--spacing--50);padding-bottom:var(--wp--preset--spacing--50);padding-left:var(--wp--preset--spacing--50)\">\n<div class=\"wp-block-group has-global-padding is-layout-constrained wp-block-group-is-layout-constrained\">\n<h2 class=\"wp-block-heading has-large-font-size\">Soluciones avanzadas en navegaci\u00f3n a\u00e9rea y sistemas UAS<\/h2>\n\n\n\n<p class=\"has-medium-font-size\" style=\"margin-top:16px\">Descubre c\u00f3mo nuestros servicios  pueden optimizar tus operaciones.<\/p>\n<\/div>\n\n\n\n<div class=\"wp-block-buttons is-content-justification-left is-layout-flex wp-container-core-buttons-is-layout-82056a45 wp-block-buttons-is-layout-flex\">\n<div class=\"wp-block-button\"><a class=\"wp-block-button__link has-primary-background-color has-background wp-element-button\" href=\"https:\/\/navya.es\/en\/contacto\/\">Let\u2019s talk<\/a><\/div>\n<\/div>\n<\/div>\n<\/div>","protected":false},"excerpt":{"rendered":"<p>Transformamos problemas complejos en soluciones hol\u00edsticas Dise\u00f1o de procedimientos de vuelo (FPD) Dise\u00f1amos procedimientos de vuelo que garantizan seguridad y eficiencia operativa.Ver m\u00e1s Estudios y consultor\u00eda aeron\u00e1utica Realizamos estudios de impacto aeron\u00e1utico y de seguridad, estrat\u00e9gicos de negocio, tramites ante Autoridades y certificaci\u00f3n ante distintas normativas.Ver m\u00e1s Operadores a\u00e9reos Ofrecemos asistencia t\u00e9cnica integral en Ingenier\u00eda [&hellip;]<\/p>","protected":false},"author":2,"featured_media":0,"parent":0,"menu_order":0,"comment_status":"closed","ping_status":"closed","template":"no-title","meta":{"_uag_custom_page_level_css":"","footnotes":""},"class_list":["post-24","page","type-page","status-publish","hentry"],"aioseo_notices":[],"uagb_featured_image_src":{"full":false,"thumbnail":false,"medium":false,"medium_large":false,"large":false,"1536x1536":false,"2048x2048":false,"trp-custom-language-flag":false},"uagb_author_info":{"display_name":"Tatiana Ram\u00edrez","author_link":"https:\/\/navya.es\/en\/author\/tramirez\/"},"uagb_comment_info":0,"uagb_excerpt":"Transformamos problemas complejos en soluciones hol\u00edsticas Dise\u00f1o de procedimientos de vuelo (FPD) Dise\u00f1amos procedimientos de vuelo que garantizan seguridad y eficiencia operativa.Ver m\u00e1s Estudios y consultor\u00eda aeron\u00e1utica Realizamos estudios de impacto aeron\u00e1utico y de seguridad, estrat\u00e9gicos de negocio, tramites ante Autoridades y certificaci\u00f3n ante distintas normativas.Ver m\u00e1s Operadores a\u00e9reos Ofrecemos asistencia t\u00e9cnica integral en Ingenier\u00eda&hellip;","_links":{"self":[{"href":"https:\/\/navya.es\/en\/wp-json\/wp\/v2\/pages\/24","targetHints":{"allow":["GET"]}}],"collection":[{"href":"https:\/\/navya.es\/en\/wp-json\/wp\/v2\/pages"}],"about":[{"href":"https:\/\/navya.es\/en\/wp-json\/wp\/v2\/types\/page"}],"author":[{"embeddable":true,"href":"https:\/\/navya.es\/en\/wp-json\/wp\/v2\/users\/2"}],"replies":[{"embeddable":true,"href":"https:\/\/navya.es\/en\/wp-json\/wp\/v2\/comments?post=24"}],"version-history":[{"count":0,"href":"https:\/\/navya.es\/en\/wp-json\/wp\/v2\/pages\/24\/revisions"}],"wp:attachment":[{"href":"https:\/\/navya.es\/en\/wp-json\/wp\/v2\/media?parent=24"}],"curies":[{"name":"wp","href":"https:\/\/api.w.org\/{rel}","templated":true}]}}