{"id":1879,"date":"2025-08-11T09:15:36","date_gmt":"2025-08-11T09:15:36","guid":{"rendered":"https:\/\/navya.es\/?page_id=1879"},"modified":"2026-02-12T18:20:47","modified_gmt":"2026-02-12T18:20:47","slug":"noticias","status":"publish","type":"page","link":"https:\/\/navya.es\/en\/noticias\/","title":{"rendered":"News"},"content":{"rendered":"<div data-elementor-type=\"wp-page\" data-elementor-id=\"1879\" class=\"elementor elementor-1879\">\n\t\t\t\t<div class=\"elementor-element elementor-element-cd7653d e-flex e-con-boxed e-con e-parent\" data-id=\"cd7653d\" data-element_type=\"container\">\n\t\t\t\t\t<div class=\"e-con-inner\">\n\t\t<div class=\"elementor-element elementor-element-3c28202 e-flex e-con-boxed e-con e-child\" data-id=\"3c28202\" data-element_type=\"container\">\n\t\t\t\t\t<div class=\"e-con-inner\">\n\t\t\t\t<div class=\"elementor-element elementor-element-5aaaa17 elementor-widget elementor-widget-heading\" data-id=\"5aaaa17\" data-element_type=\"widget\" data-settings=\"{&quot;_animation&quot;:&quot;none&quot;}\" data-widget_type=\"heading.default\">\n\t\t\t\t\t<h2 class=\"elementor-heading-title elementor-size-default\"><span style=\"font-family: Montserrat, sans-serif;letter-spacing: -0.02em\">Explore the Most Relevant Aerospace Industry Updates<\/span><br><\/h2>\t\t\t\t<\/div>\n\t\t\t\t\t<\/div>\n\t\t\t\t<\/div>\n\t\t<div class=\"elementor-element elementor-element-e465282 e-con-full e-flex e-con e-child\" data-id=\"e465282\" data-element_type=\"container\">\n\t\t\t\t<\/div>\n\t\t\t\t\t<\/div>\n\t\t\t\t<\/div>\n\t\t<div class=\"elementor-element elementor-element-1a27683 e-flex e-con-boxed e-con e-parent\" data-id=\"1a27683\" data-element_type=\"container\">\n\t\t\t\t\t<div class=\"e-con-inner\">\n\t\t\t\t<div class=\"elementor-element elementor-element-16a0a88 elementor-widget elementor-widget-spacer\" data-id=\"16a0a88\" data-element_type=\"widget\" data-widget_type=\"spacer.default\">\n\t\t\t\t\t\t\t<div class=\"elementor-spacer\">\n\t\t\t<div class=\"elementor-spacer-inner\"><\/div>\n\t\t<\/div>\n\t\t\t\t\t\t<\/div>\n\t\t\t\t<div class=\"elementor-element elementor-element-2fdfc02 elementor-widget elementor-widget-elpug\" data-id=\"2fdfc02\" data-element_type=\"widget\" data-widget_type=\"elpug.default\">\n\t\t\t\t<div class=\"elementor-widget-container\">\n\t\t\t\t\t\t\t\n\t\n\t\t<input id=\"powerfolio_pagination_postsperpage\" type=\"hidden\" value=\"\" \/><div class=\"elpt-portfolio elpt_powerfolio_94250\"><div class=\"elpt-portfolio-filter\"><button class=\"portfolio-filter-item item-active\" data-filter=\"*\" style=\"background-color:\">All<\/button><button class=\"portfolio-filter-item\" style=\"background-color:\" data-filter=\".elemenfoliocategory-eventos\">Events<\/button><button class=\"portfolio-filter-item\" style=\"background-color:\" data-filter=\".elemenfoliocategory-navya-actual\">Navya News<\/button><button class=\"portfolio-filter-item\" style=\"background-color:\" data-filter=\".elemenfoliocategory-novedades\">Updates<\/button><\/div><div class=\"elpt-portfolio-content elpt-portfolio-content-isotope elpt-portfolio-style-box  simple elpt-portfolio-columns-3  elpt-portfolio-margin\"><div class=\"portfolio-item-wrapper 1870 post-1879 page type-page status-publish hentry elemenfoliocategory-novedades\"><a href=\"https:\/\/navya.es\/en\/portfolio\/el-servicio-de-gran-precision-de-galileo-has-esta-ya-en-funcionamiento\/\" class=\"portfolio-item\" style=\"background-image: url(https:\/\/navya.es\/wp-content\/uploads\/2025\/08\/kevin-stadnyk-HsqBGASgXJA-unsplash-1.jpg)\" title=\"GALILEO High Accuracy Service (HAS) Now Operational\"><img decoding=\"async\" src=\"https:\/\/navya.es\/wp-content\/uploads\/2025\/08\/kevin-stadnyk-HsqBGASgXJA-unsplash-1.jpg\" class=\"elpt-main-image\" title=\"GALILEO High Accuracy Service (HAS) Now Operational\" alt=\"El servicio de gran precisi\u00f3n de GALILEO (HAS) est\u00e1 ya en funcionamiento\" \/><div class=\"portfolio-item-infos-wrapper\" style=\"background-color:\"><div class=\"portfolio-item-infos\"><div class=\"portfolio-item-title\"><span class=\"portfolio-item-title-span\">GALILEO High Accuracy Service (HAS) Now Operational<\/span><\/div><div class=\"portfolio-item-category\"><span class=\"elpt-portfolio-cat\">Updates<\/span><\/div><\/div><\/div><\/a><\/div><div class=\"portfolio-item-wrapper 1868 post-1879 page type-page status-publish hentry elemenfoliocategory-navya-actual\"><a href=\"https:\/\/navya.es\/en\/portfolio\/navya-promueve-la-creacion-de-la-asociacion-de-empresas-privadas-del-sector-aeroespacial-en-espana\/\" class=\"portfolio-item\" style=\"background-image: url(https:\/\/navya.es\/wp-content\/uploads\/2025\/08\/scott-fillmer-fchUEkQKl1U-unsplash-scaled.jpg)\" title=\"Navya Promotes the Creation of the Private Aerospace Companies Association in Spain\"><img decoding=\"async\" src=\"https:\/\/navya.es\/wp-content\/uploads\/2025\/08\/scott-fillmer-fchUEkQKl1U-unsplash-scaled.jpg\" class=\"elpt-main-image\" title=\"Navya Promotes the Creation of the Private Aerospace Companies Association in Spain\" alt=\"Navya promueve la creaci\u00f3n de la Asociaci\u00f3n de empresas privadas del sector aeroespacial en Espa\u00f1a\" \/><div class=\"portfolio-item-infos-wrapper\" style=\"background-color:\"><div class=\"portfolio-item-infos\"><div class=\"portfolio-item-title\"><span class=\"portfolio-item-title-span\">Navya Promotes the Creation of the Private Aerospace Companies Association in Spain<\/span><\/div><div class=\"portfolio-item-category\"><span class=\"elpt-portfolio-cat\">Navya News<\/span><\/div><\/div><\/div><\/a><\/div><div class=\"portfolio-item-wrapper 1863 post-1879 page type-page status-publish hentry elemenfoliocategory-navya-actual\"><a href=\"https:\/\/navya.es\/en\/portfolio\/navya-lider-en-el-servicio-de-vigilancia-de-obstaculos-en-aeropuertos\/\" class=\"portfolio-item\" style=\"background-image: url(https:\/\/navya.es\/wp-content\/uploads\/2025\/08\/john-oswald-1WxF0CTONtE-unsplash-scaled.jpg)\" title=\"Navya \u2013 Leader in Airport Obstacle Surveillance Services\"><img decoding=\"async\" src=\"https:\/\/navya.es\/wp-content\/uploads\/2025\/08\/john-oswald-1WxF0CTONtE-unsplash-scaled.jpg\" class=\"elpt-main-image\" title=\"Navya \u2013 Leader in Airport Obstacle Surveillance Services\" alt=\"Navya, l\u00edder en el servicio de vigilancia de obst\u00e1culos en aeropuertos\" \/><div class=\"portfolio-item-infos-wrapper\" style=\"background-color:\"><div class=\"portfolio-item-infos\"><div class=\"portfolio-item-title\"><span class=\"portfolio-item-title-span\">Navya \u2013 Leader in Airport Obstacle Surveillance Services<\/span><\/div><div class=\"portfolio-item-category\"><span class=\"elpt-portfolio-cat\">Navya News<\/span><\/div><\/div><\/div><\/a><\/div><\/div><\/div>\t\t\n\n\t\t\t\n\n\t\t\t\t\t\n\n\t\t\t\t\t\t<\/div>\n\t\t\t\t<\/div>\n\t\t\t\t\t<\/div>\n\t\t\t\t<\/div>\n\t\t\t\t<\/div>","protected":false},"excerpt":{"rendered":"<p>Explora las novedades m\u00e1s relevantes del sector aeroespacial TodoEventosNavya actualNovedadesEl servicio de gran precisi\u00f3n de GALILEO (HAS) est\u00e1 ya en funcionamientoNovedadesNavya promueve la creaci\u00f3n de la Asociaci\u00f3n de empresas privadas del sector aeroespacial en Espa\u00f1aNavya actualNavya, l\u00edder en el servicio de vigilancia de obst\u00e1culos en aeropuertosNavya actual<\/p>","protected":false},"author":2,"featured_media":0,"parent":0,"menu_order":0,"comment_status":"closed","ping_status":"closed","template":"","meta":{"_uag_custom_page_level_css":"","footnotes":""},"class_list":["post-1879","page","type-page","status-publish","hentry"],"aioseo_notices":[],"uagb_featured_image_src":{"full":false,"thumbnail":false,"medium":false,"medium_large":false,"large":false,"1536x1536":false,"2048x2048":false,"trp-custom-language-flag":false},"uagb_author_info":{"display_name":"Tatiana Ram\u00edrez","author_link":"https:\/\/navya.es\/en\/author\/tramirez\/"},"uagb_comment_info":0,"uagb_excerpt":"Explora las novedades m\u00e1s relevantes del sector aeroespacial TodoEventosNavya actualNovedadesEl servicio de gran precisi\u00f3n de GALILEO (HAS) est\u00e1 ya en funcionamientoNovedadesNavya promueve la creaci\u00f3n de la Asociaci\u00f3n de empresas privadas del sector aeroespacial en Espa\u00f1aNavya actualNavya, l\u00edder en el servicio de vigilancia de obst\u00e1culos en aeropuertosNavya actual","_links":{"self":[{"href":"https:\/\/navya.es\/en\/wp-json\/wp\/v2\/pages\/1879","targetHints":{"allow":["GET"]}}],"collection":[{"href":"https:\/\/navya.es\/en\/wp-json\/wp\/v2\/pages"}],"about":[{"href":"https:\/\/navya.es\/en\/wp-json\/wp\/v2\/types\/page"}],"author":[{"embeddable":true,"href":"https:\/\/navya.es\/en\/wp-json\/wp\/v2\/users\/2"}],"replies":[{"embeddable":true,"href":"https:\/\/navya.es\/en\/wp-json\/wp\/v2\/comments?post=1879"}],"version-history":[{"count":0,"href":"https:\/\/navya.es\/en\/wp-json\/wp\/v2\/pages\/1879\/revisions"}],"wp:attachment":[{"href":"https:\/\/navya.es\/en\/wp-json\/wp\/v2\/media?parent=1879"}],"curies":[{"name":"wp","href":"https:\/\/api.w.org\/{rel}","templated":true}]}}