{"id":1623,"date":"2025-08-07T07:52:59","date_gmt":"2025-08-07T07:52:59","guid":{"rendered":"https:\/\/navya.es\/?page_id=1623"},"modified":"2025-08-22T12:23:35","modified_gmt":"2025-08-22T12:23:35","slug":"diseno-procedimientos-vuelo-tercerapista-kuwait","status":"publish","type":"page","link":"https:\/\/navya.es\/en\/diseno-procedimientos-vuelo-tercerapista-kuwait\/","title":{"rendered":"Dise\u00f1o de procedimientos de vuelo tercera pista Aeropuerto Internacional de Kuwait"},"content":{"rendered":"<div class=\"wp-block-group has-global-padding is-layout-constrained wp-block-group-is-layout-constrained\">\n<div class=\"wp-block-columns alignwide is-layout-flex wp-container-core-columns-is-layout-28f84493 wp-block-columns-is-layout-flex\">\n<div class=\"wp-block-column is-layout-flow wp-block-column-is-layout-flow\" style=\"flex-basis:70%\">\n<div data-aos= \"fade\" data-aos-duration=\"400\" data-aos-delay=\"0\" data-aos-easing=\"ease\" data-aos-once=\"true\" class=\"wp-block-uagb-advanced-heading uagb-block-6786a2b8\"><h2 class=\"uagb-heading-text\">Flight Procedure Design for the Third Runway | Kuwait International Airport<\/h2><\/div>\n<\/div>\n\n\n\n<div class=\"wp-block-column is-layout-flow wp-block-column-is-layout-flow\" style=\"flex-basis:30%\"><\/div>\n<\/div>\n<\/div>\n\n\n\n<div class=\"wp-block-group alignwide has-global-padding is-layout-constrained wp-container-core-group-is-layout-dbb36451 wp-block-group-is-layout-constrained\" style=\"margin-bottom:0\">\n<div class=\"wp-block-cover alignwide extendify-image-import\" style=\"border-radius:1rem;min-height:498px;aspect-ratio:unset;\"><img fetchpriority=\"high\" decoding=\"async\" width=\"1024\" height=\"811\" class=\"wp-block-cover__image-background wp-image-1625 size-large\" alt=\"\" src=\"http:\/\/navya.es\/wp-content\/uploads\/2025\/08\/Aeropuerto-Internacional-de-Kuwait-1024x811.jpg\" style=\"object-position:54% 67%\" data-object-fit=\"cover\" data-object-position=\"54% 67%\" srcset=\"https:\/\/navya.es\/wp-content\/uploads\/2025\/08\/Aeropuerto-Internacional-de-Kuwait-1024x811.jpg 1024w, https:\/\/navya.es\/wp-content\/uploads\/2025\/08\/Aeropuerto-Internacional-de-Kuwait-300x238.jpg 300w, https:\/\/navya.es\/wp-content\/uploads\/2025\/08\/Aeropuerto-Internacional-de-Kuwait-768x608.jpg 768w, https:\/\/navya.es\/wp-content\/uploads\/2025\/08\/Aeropuerto-Internacional-de-Kuwait-1536x1217.jpg 1536w, https:\/\/navya.es\/wp-content\/uploads\/2025\/08\/Aeropuerto-Internacional-de-Kuwait-2048x1622.jpg 2048w\" sizes=\"(max-width: 1024px) 100vw, 1024px\" \/><span aria-hidden=\"true\" class=\"wp-block-cover__background has-background-dim-10 has-background-dim\" style=\"background-color:#737575\"><\/span><div class=\"wp-block-cover__inner-container has-global-padding is-layout-constrained wp-block-cover-is-layout-constrained\">\n<div style=\"height:231px\" aria-hidden=\"true\" class=\"wp-block-spacer\"><\/div>\n<\/div><\/div>\n<\/div>\n\n\n\n<div class=\"wp-block-group has-global-padding is-layout-constrained wp-block-group-is-layout-constrained\" style=\"padding-top:var(--wp--preset--spacing--20);padding-bottom:var(--wp--preset--spacing--20)\">\n<div class=\"wp-block-columns alignwide is-layout-flex wp-container-core-columns-is-layout-28f84493 wp-block-columns-is-layout-flex\">\n<div class=\"wp-block-column is-layout-flow wp-block-column-is-layout-flow\" style=\"flex-basis:60rem\">\n<div class=\"wp-block-group is-vertical is-layout-flex wp-container-core-group-is-layout-fe9cc265 wp-block-group-is-layout-flex\">\n<h3 class=\"wp-block-heading has-large-font-size\" style=\"margin-top:12px\">The Challenge<\/h3>\n<\/div>\n\n\n\n<p class=\"has-medium-font-size\" style=\"margin-top:16px;margin-bottom:var(--wp--preset--spacing--30)\">At Kuwait International Airport, a third runway was built, requiring the design of flight procedures and the publication of the corresponding aeronautical charts.<\/p>\n\n\n\n<h3 class=\"wp-block-heading has-large-font-size\" style=\"margin-top:12px\">Our Solution<\/h3>\n\n\n\n<p class=\"has-medium-font-size translation-block\" style=\"margin-top:16px;margin-bottom:var(--wp--preset--spacing--30)\">Following an initial feasibility and compatibility study, we developed the final design, which included all ILS and RNP approach procedures, SIDs and STARs, their validation in both simulator and flight, and the charts to be published in the AIP (including ICAO obstacle charts Type A, B, and C).<\/p>\n\n\n\n<h3 class=\"wp-block-heading has-large-font-size\" style=\"margin-top:12px\">Benefits<\/h3>\n\n\n\n<p class=\"has-medium-font-size\" style=\"margin-top:16px\">Intercompatible flight procedures that facilitate Air Traffic Control (ATC) service provision and enable multiple runway configurations in the subsequent phases of Kuwait International Airport\u2019s redevelopment.<\/p>\n<\/div>\n\n\n\n<div class=\"wp-block-column is-layout-flow wp-block-column-is-layout-flow\"><\/div>\n<\/div>\n<\/div>\n\n\n\n<div class=\"wp-block-group alignfull has-background-background-color has-background has-global-padding is-layout-constrained wp-container-core-group-is-layout-1d9d2c78 wp-block-group-is-layout-constrained\" style=\"margin-top:0;margin-bottom:0;padding-top:var(--wp--preset--spacing--60);padding-right:var(--wp--preset--spacing--30);padding-bottom:var(--wp--preset--spacing--60);padding-left:var(--wp--preset--spacing--30)\">\n<h2 class=\"wp-block-heading alignwide has-large-font-size\">Other Projects<\/h2>\n\n\n\n<div class=\"wp-block-columns alignwide is-layout-flex wp-container-core-columns-is-layout-8292df6c wp-block-columns-is-layout-flex\" style=\"padding-top:var(--wp--preset--spacing--30);padding-bottom:var(--wp--preset--spacing--30)\">\n<div class=\"wp-block-column is-layout-flow wp-block-column-is-layout-flow\"><\/div>\n\n\n\n<div class=\"wp-block-column is-layout-flow wp-block-column-is-layout-flow\">\n<div class=\"wp-block-uagb-image uagb-block-c19fd4d7 wp-block-uagb-image--layout-overlay wp-block-uagb-image--effect-static wp-block-uagb-image--align-none\"><figure class=\"wp-block-uagb-image__figure\"><a class=\"\" href=\"https:\/\/navya.es\/en\/formacion-concepto-pbn\/\" target=\"\" rel=\"noopener\"><img loading=\"lazy\" decoding=\"async\" srcset=\"https:\/\/navya.es\/wp-content\/uploads\/2025\/08\/image-13-1024x768.jpg ,https:\/\/navya.es\/wp-content\/uploads\/2025\/08\/image-13.jpg 780w, https:\/\/navya.es\/wp-content\/uploads\/2025\/08\/image-13.jpg 360w\" sizes=\"auto, (max-width: 480px) 150px\" src=\"https:\/\/navya.es\/wp-content\/uploads\/2025\/08\/image-13-1024x768.jpg\" alt=\"\" class=\"uag-image-1733\" width=\"1024\" height=\"768\" title=\"image\" role=\"img\"\/><\/a><div class=\"wp-block-uagb-image--layout-overlay__color-wrapper\"><\/div><div class=\"wp-block-uagb-image--layout-overlay__inner top-left\"><a class=\"wp-block-uagb-image--layout-overlay-link\" href=\"https:\/\/navya.es\/en\/formacion-concepto-pbn\/\" target=\"\" rel=\"noopener\"><\/a><h6 class=\"uagb-image-heading\">PBN Concept Training <\/h6><\/div><\/figure><\/div>\n<\/div>\n\n\n\n<div class=\"wp-block-column is-layout-flow wp-block-column-is-layout-flow\">\n<div class=\"wp-block-uagb-image uagb-block-437c093f wp-block-uagb-image--layout-overlay wp-block-uagb-image--effect-static wp-block-uagb-image--align-none\"><figure class=\"wp-block-uagb-image__figure\"><a class=\"\" href=\"https:\/\/navya.es\/en\/diseno-eo-sid-grupo-binter\/\" target=\"\" rel=\"noopener\"><img loading=\"lazy\" decoding=\"async\" srcset=\"https:\/\/navya.es\/wp-content\/uploads\/2025\/08\/image-3-1024x576.jpg ,https:\/\/navya.es\/wp-content\/uploads\/2025\/08\/image-3.jpg 780w, https:\/\/navya.es\/wp-content\/uploads\/2025\/08\/image-3.jpg 360w\" sizes=\"auto, (max-width: 480px) 150px\" src=\"https:\/\/navya.es\/wp-content\/uploads\/2025\/08\/image-3-1024x576.jpg\" alt=\"\" class=\"uag-image-1542\" width=\"1024\" height=\"768\" title=\"image\" role=\"img\"\/><\/a><div class=\"wp-block-uagb-image--layout-overlay__color-wrapper\"><\/div><div class=\"wp-block-uagb-image--layout-overlay__inner top-left\"><a class=\"wp-block-uagb-image--layout-overlay-link\" href=\"https:\/\/navya.es\/en\/diseno-eo-sid-grupo-binter\/\" target=\"\" rel=\"noopener\"><\/a><h6 class=\"uagb-image-heading\">EO-SID Procedure Design | Grupo Binter<\/h6><\/div><\/figure><\/div>\n<\/div>\n\n\n\n<div class=\"wp-block-column is-layout-flow wp-block-column-is-layout-flow\">\n<div class=\"wp-block-uagb-image uagb-block-c19fd4d7 wp-block-uagb-image--layout-overlay wp-block-uagb-image--effect-static wp-block-uagb-image--align-none\"><figure class=\"wp-block-uagb-image__figure\"><a class=\"\" href=\"https:\/\/navya.es\/en\/repotenciacion-parque-eolico\/\" target=\"\" rel=\"noopener\"><img loading=\"lazy\" decoding=\"async\" srcset=\"https:\/\/navya.es\/wp-content\/uploads\/2025\/08\/abby-anaday-Nnn2Dc6niVU-unsplash-1024x680.jpg ,https:\/\/navya.es\/wp-content\/uploads\/2025\/08\/abby-anaday-Nnn2Dc6niVU-unsplash-scaled.jpg 780w, https:\/\/navya.es\/wp-content\/uploads\/2025\/08\/abby-anaday-Nnn2Dc6niVU-unsplash-scaled.jpg 360w\" sizes=\"auto, (max-width: 480px) 150px\" src=\"https:\/\/navya.es\/wp-content\/uploads\/2025\/08\/abby-anaday-Nnn2Dc6niVU-unsplash-1024x680.jpg\" alt=\"\" class=\"uag-image-2281\" width=\"1024\" height=\"768\" title=\"abby-anaday-Nnn2Dc6niVU-unsplash\" role=\"img\"\/><\/a><div class=\"wp-block-uagb-image--layout-overlay__color-wrapper\"><\/div><div class=\"wp-block-uagb-image--layout-overlay__inner top-left\"><a class=\"wp-block-uagb-image--layout-overlay-link\" href=\"https:\/\/navya.es\/en\/repotenciacion-parque-eolico\/\" target=\"\" rel=\"noopener\"><\/a><h6 class=\"uagb-image-heading\">Wind Farm Repowering<\/h6><\/div><\/figure><\/div>\n<\/div>\n<\/div>\n\n\n\n<div class=\"wp-block-buttons alignwide is-horizontal is-content-justification-right is-layout-flex wp-container-core-buttons-is-layout-c1ce71a8 wp-block-buttons-is-layout-flex\" style=\"margin-top:0;padding-top:var(--wp--preset--spacing--20)\">\n<div class=\"wp-block-button is-style-fill\"><a class=\"wp-block-button__link has-foreground-color has-text-color has-background has-link-color wp-element-button\" href=\"https:\/\/navya.es\/en\/proyectos\/\" style=\"border-style:none;border-width:0px;border-radius:28px;background-color:#69141400;line-height:1.5;text-decoration:underline\">Show more projects <\/a><\/div>\n<\/div>\n<\/div>","protected":false},"excerpt":{"rendered":"<p>Dise\u00f1o de procedimientos de vuelo tercera pista | Aeropuerto Internacional de Kuwait El reto En el Aeropuerto Internacional de Kuwait se construy\u00f3 una tercera pista que requiere el dise\u00f1o de los procedimientos de vuelo y publicaci\u00f3n de las cartas aeron\u00e1uticas correspondientes. \u00bfC\u00f3mo lo resolvimos? A partir de un primer estudio de viabilidad y de compatibilidad, [&hellip;]<\/p>","protected":false},"author":2,"featured_media":0,"parent":0,"menu_order":0,"comment_status":"closed","ping_status":"closed","template":"","meta":{"_uag_custom_page_level_css":"","footnotes":""},"class_list":["post-1623","page","type-page","status-publish","hentry"],"aioseo_notices":[],"uagb_featured_image_src":{"full":false,"thumbnail":false,"medium":false,"medium_large":false,"large":false,"1536x1536":false,"2048x2048":false,"trp-custom-language-flag":false},"uagb_author_info":{"display_name":"Tatiana Ram\u00edrez","author_link":"https:\/\/navya.es\/en\/author\/tramirez\/"},"uagb_comment_info":0,"uagb_excerpt":"Dise\u00f1o de procedimientos de vuelo tercera pista | Aeropuerto Internacional de Kuwait El reto En el Aeropuerto Internacional de Kuwait se construy\u00f3 una tercera pista que requiere el dise\u00f1o de los procedimientos de vuelo y publicaci\u00f3n de las cartas aeron\u00e1uticas correspondientes. \u00bfC\u00f3mo lo resolvimos? A partir de un primer estudio de viabilidad y de compatibilidad,&hellip;","_links":{"self":[{"href":"https:\/\/navya.es\/en\/wp-json\/wp\/v2\/pages\/1623","targetHints":{"allow":["GET"]}}],"collection":[{"href":"https:\/\/navya.es\/en\/wp-json\/wp\/v2\/pages"}],"about":[{"href":"https:\/\/navya.es\/en\/wp-json\/wp\/v2\/types\/page"}],"author":[{"embeddable":true,"href":"https:\/\/navya.es\/en\/wp-json\/wp\/v2\/users\/2"}],"replies":[{"embeddable":true,"href":"https:\/\/navya.es\/en\/wp-json\/wp\/v2\/comments?post=1623"}],"version-history":[{"count":0,"href":"https:\/\/navya.es\/en\/wp-json\/wp\/v2\/pages\/1623\/revisions"}],"wp:attachment":[{"href":"https:\/\/navya.es\/en\/wp-json\/wp\/v2\/media?parent=1623"}],"curies":[{"name":"wp","href":"https:\/\/api.w.org\/{rel}","templated":true}]}}