{"id":1506,"date":"2025-08-06T08:07:46","date_gmt":"2025-08-06T08:07:46","guid":{"rendered":"https:\/\/navya.es\/?page_id=1506"},"modified":"2025-08-22T12:32:36","modified_gmt":"2025-08-22T12:32:36","slug":"repotenciacion-parque-eolico","status":"publish","type":"page","link":"https:\/\/navya.es\/en\/repotenciacion-parque-eolico\/","title":{"rendered":"Wind Farm Repowering"},"content":{"rendered":"<div class=\"wp-block-group alignfull has-background-background-color has-background has-global-padding is-layout-constrained wp-container-core-group-is-layout-b8f1cce0 wp-block-group-is-layout-constrained\" style=\"margin-top:0;margin-bottom:0;padding-top:0;padding-right:var(--wp--preset--spacing--30);padding-bottom:0;padding-left:var(--wp--preset--spacing--30)\">\n<div class=\"wp-block-group alignwide has-global-padding is-content-justification-center is-layout-constrained wp-block-group-is-layout-constrained\">\n<h2 class=\"wp-block-heading alignwide has-text-align-left has-x-large-font-size\">Wind Farm Repowering<\/h2>\n<\/div>\n\n\n\n<div class=\"wp-block-cover alignwide is-light\" style=\"border-radius:1rem;min-height:553px;aspect-ratio:unset;\"><img fetchpriority=\"high\" decoding=\"async\" width=\"1024\" height=\"768\" class=\"wp-block-cover__image-background wp-image-1513 size-large\" alt=\"\" src=\"http:\/\/navya.es\/wp-content\/uploads\/2025\/08\/michael-myers-sxjcg9dia6c-unsplash-1024x768.jpg\" style=\"object-position:58% 48%\" data-object-fit=\"cover\" data-object-position=\"58% 48%\" srcset=\"https:\/\/navya.es\/wp-content\/uploads\/2025\/08\/michael-myers-sxjcg9dia6c-unsplash-1024x768.jpg 1024w, https:\/\/navya.es\/wp-content\/uploads\/2025\/08\/michael-myers-sxjcg9dia6c-unsplash-300x225.jpg 300w, https:\/\/navya.es\/wp-content\/uploads\/2025\/08\/michael-myers-sxjcg9dia6c-unsplash-768x576.jpg 768w\" sizes=\"(max-width: 1024px) 100vw, 1024px\" \/><span aria-hidden=\"true\" class=\"wp-block-cover__background has-background-dim-10 has-background-dim\" style=\"background-color:#7f898f\"><\/span><div class=\"wp-block-cover__inner-container has-global-padding is-layout-constrained wp-block-cover-is-layout-constrained\">\n<p class=\"has-text-align-center has-large-font-size\"><\/p>\n<\/div><\/div>\n\n\n\n<div class=\"wp-block-group alignwide has-global-padding is-layout-constrained wp-block-group-is-layout-constrained\" style=\"padding-top:var(--wp--preset--spacing--20);padding-bottom:var(--wp--preset--spacing--20)\">\n<div class=\"wp-block-columns alignwide is-layout-flex wp-container-core-columns-is-layout-28f84493 wp-block-columns-is-layout-flex\">\n<div class=\"wp-block-column is-layout-flow wp-block-column-is-layout-flow\" style=\"flex-basis:60rem\">\n<div class=\"wp-block-group is-vertical is-layout-flex wp-container-core-group-is-layout-fe9cc265 wp-block-group-is-layout-flex\">\n<h3 class=\"wp-block-heading has-large-font-size\" style=\"margin-top:12px\">The Challenge<\/h3>\n<\/div>\n\n\n\n<p class=\"has-medium-font-size\" style=\"margin-top:16px;margin-bottom:var(--wp--preset--spacing--30)\">The developer aimed to replace existing wind turbines with the highest possible capacity models. This required determining maximum allowable heights in accordance with potential aeronautical impact, and, if necessary, assessing that impact through a detailed aeronautical safety study.<\/p>\n\n\n\n<h3 class=\"wp-block-heading has-large-font-size\" style=\"margin-top:12px\">Our Solution<\/h3>\n\n\n\n<p class=\"has-medium-font-size translation-block\" style=\"margin-top:16px;margin-bottom:var(--wp--preset--spacing--30)\">We analysed the maximum achievable heights, considering aerodrome, radio, and operational obstacle limitation surfaces, as well as the impact on both visual and instrument flight procedures, among other factors.<\/p>\n\n\n\n<h3 class=\"wp-block-heading has-large-font-size\" style=\"margin-top:12px\">Benefits<\/h3>\n\n\n\n<p class=\"has-medium-font-size\" style=\"margin-top:16px\">We optimised the investment in compliance with legal limits while ensuring the safety of air operations.<\/p>\n<\/div>\n\n\n\n<div class=\"wp-block-column is-layout-flow wp-block-column-is-layout-flow\"><\/div>\n<\/div>\n<\/div>\n<\/div>\n\n\n\n<div class=\"wp-block-group alignfull has-background-background-color has-background has-global-padding is-layout-constrained wp-container-core-group-is-layout-1d9d2c78 wp-block-group-is-layout-constrained\" style=\"margin-top:0;margin-bottom:0;padding-top:var(--wp--preset--spacing--60);padding-right:var(--wp--preset--spacing--30);padding-bottom:var(--wp--preset--spacing--60);padding-left:var(--wp--preset--spacing--30)\">\n<h2 class=\"wp-block-heading alignwide has-large-font-size\">Other Projects<\/h2>\n\n\n\n<div class=\"wp-block-columns alignwide is-layout-flex wp-container-core-columns-is-layout-8292df6c wp-block-columns-is-layout-flex\" style=\"padding-top:var(--wp--preset--spacing--30);padding-bottom:var(--wp--preset--spacing--30)\">\n<div class=\"wp-block-column is-layout-flow wp-block-column-is-layout-flow\"><\/div>\n\n\n\n<div class=\"wp-block-column is-layout-flow wp-block-column-is-layout-flow\">\n<div class=\"wp-block-uagb-image uagb-block-437c093f wp-block-uagb-image--layout-overlay wp-block-uagb-image--effect-static wp-block-uagb-image--align-none\"><figure class=\"wp-block-uagb-image__figure\"><a class=\"\" href=\"https:\/\/navya.es\/en\/desarrollo-aerodromo-privado\/\" target=\"\" rel=\"noopener\"><img loading=\"lazy\" decoding=\"async\" srcset=\"https:\/\/navya.es\/wp-content\/uploads\/2025\/08\/adrien-tanic-lKWDkcymdEI-unsplash-2-1024x683.jpg ,https:\/\/navya.es\/wp-content\/uploads\/2025\/08\/adrien-tanic-lKWDkcymdEI-unsplash-2-scaled.jpg 780w, https:\/\/navya.es\/wp-content\/uploads\/2025\/08\/adrien-tanic-lKWDkcymdEI-unsplash-2-scaled.jpg 360w\" sizes=\"auto, (max-width: 480px) 150px\" src=\"https:\/\/navya.es\/wp-content\/uploads\/2025\/08\/adrien-tanic-lKWDkcymdEI-unsplash-2-1024x683.jpg\" alt=\"\" class=\"uag-image-2497\" width=\"1024\" height=\"768\" title=\"adrien-tanic-lKWDkcymdEI-unsplash\" role=\"img\"\/><\/a><div class=\"wp-block-uagb-image--layout-overlay__color-wrapper\"><\/div><div class=\"wp-block-uagb-image--layout-overlay__inner top-left\"><a class=\"wp-block-uagb-image--layout-overlay-link\" href=\"https:\/\/navya.es\/en\/desarrollo-aerodromo-privado\/\" target=\"\" rel=\"noopener\"><\/a><h6 class=\"uagb-image-heading\">Private Aerodrome Development<\/h6><\/div><\/figure><\/div>\n<\/div>\n\n\n\n<div class=\"wp-block-column is-layout-flow wp-block-column-is-layout-flow\">\n<div class=\"wp-block-uagb-image uagb-block-d17fc3c2 wp-block-uagb-image--layout-overlay wp-block-uagb-image--effect-static wp-block-uagb-image--align-none\"><figure class=\"wp-block-uagb-image__figure\"><a class=\"\" href=\"https:\/\/navya.es\/en\/diseno-espacio-aereo-uas\/\" target=\"\" rel=\"noopener\"><img loading=\"lazy\" decoding=\"async\" srcset=\"https:\/\/navya.es\/wp-content\/uploads\/2025\/08\/67a0791ef90311eb5f5a3b7a_img-concept-1024x751.webp ,https:\/\/navya.es\/wp-content\/uploads\/2025\/08\/67a0791ef90311eb5f5a3b7a_img-concept.webp 780w, https:\/\/navya.es\/wp-content\/uploads\/2025\/08\/67a0791ef90311eb5f5a3b7a_img-concept.webp 360w\" sizes=\"auto, (max-width: 480px) 150px\" src=\"https:\/\/navya.es\/wp-content\/uploads\/2025\/08\/67a0791ef90311eb5f5a3b7a_img-concept-1024x751.webp\" alt=\"\" class=\"uag-image-1475\" width=\"1024\" height=\"768\" title=\"67a0791ef90311eb5f5a3b7a_img concept\" role=\"img\"\/><\/a><div class=\"wp-block-uagb-image--layout-overlay__color-wrapper\"><\/div><div class=\"wp-block-uagb-image--layout-overlay__inner top-left\"><a class=\"wp-block-uagb-image--layout-overlay-link\" href=\"https:\/\/navya.es\/en\/diseno-espacio-aereo-uas\/\" target=\"\" rel=\"noopener\"><\/a><h6 class=\"uagb-image-heading\">Airspace Design and UAS Corridors | Canarias Stratoport<\/h6><\/div><\/figure><\/div>\n<\/div>\n\n\n\n<div class=\"wp-block-column is-layout-flow wp-block-column-is-layout-flow\">\n<div class=\"wp-block-uagb-image uagb-block-c19fd4d7 wp-block-uagb-image--layout-overlay wp-block-uagb-image--effect-static wp-block-uagb-image--align-none\"><figure class=\"wp-block-uagb-image__figure\"><a class=\"\" href=\"https:\/\/navya.es\/en\/formacion-concepto-pbn\/\" target=\"\" rel=\"noopener\"><img loading=\"lazy\" decoding=\"async\" srcset=\"https:\/\/navya.es\/wp-content\/uploads\/2025\/08\/image-13-1024x768.jpg ,https:\/\/navya.es\/wp-content\/uploads\/2025\/08\/image-13.jpg 780w, https:\/\/navya.es\/wp-content\/uploads\/2025\/08\/image-13.jpg 360w\" sizes=\"auto, (max-width: 480px) 150px\" src=\"https:\/\/navya.es\/wp-content\/uploads\/2025\/08\/image-13-1024x768.jpg\" alt=\"\" class=\"uag-image-1733\" width=\"1024\" height=\"768\" title=\"image\" role=\"img\"\/><\/a><div class=\"wp-block-uagb-image--layout-overlay__color-wrapper\"><\/div><div class=\"wp-block-uagb-image--layout-overlay__inner top-left\"><a class=\"wp-block-uagb-image--layout-overlay-link\" href=\"https:\/\/navya.es\/en\/formacion-concepto-pbn\/\" target=\"\" rel=\"noopener\"><\/a><h6 class=\"uagb-image-heading\">PBN Concept Training <\/h6><\/div><\/figure><\/div>\n<\/div>\n<\/div>\n\n\n\n<div class=\"wp-block-buttons alignwide is-horizontal is-content-justification-right is-layout-flex wp-container-core-buttons-is-layout-c1ce71a8 wp-block-buttons-is-layout-flex\" style=\"margin-top:0;padding-top:var(--wp--preset--spacing--20)\">\n<div class=\"wp-block-button is-style-fill\"><a class=\"wp-block-button__link has-foreground-color has-text-color has-background has-link-color wp-element-button\" href=\"https:\/\/navya.es\/en\/proyectos\/\" style=\"border-style:none;border-width:0px;border-radius:28px;background-color:#69141400;line-height:1.5;text-decoration:underline\">Show more projects <\/a><\/div>\n<\/div>\n<\/div>","protected":false},"excerpt":{"rendered":"<p>Repotenciaci\u00f3n de Parque E\u00f3lico El reto El promotor quiere sustituir los aerogeneradores existentes hasta la m\u00e1xima potencia posible. Para ello, requiere saber los l\u00edmites en altura de acuerdo con el posible impacto aeron\u00e1utico y, en caso de que exista, ver la posibilidad de analizar dicho impacto mediante un estudio aeron\u00e1utico de seguridad detallado. \u00bfC\u00f3mo lo [&hellip;]<\/p>","protected":false},"author":2,"featured_media":0,"parent":0,"menu_order":0,"comment_status":"closed","ping_status":"closed","template":"","meta":{"_uag_custom_page_level_css":"","footnotes":""},"class_list":["post-1506","page","type-page","status-publish","hentry"],"aioseo_notices":[],"uagb_featured_image_src":{"full":false,"thumbnail":false,"medium":false,"medium_large":false,"large":false,"1536x1536":false,"2048x2048":false,"trp-custom-language-flag":false},"uagb_author_info":{"display_name":"Tatiana Ram\u00edrez","author_link":"https:\/\/navya.es\/en\/author\/tramirez\/"},"uagb_comment_info":0,"uagb_excerpt":"Repotenciaci\u00f3n de Parque E\u00f3lico El reto El promotor quiere sustituir los aerogeneradores existentes hasta la m\u00e1xima potencia posible. Para ello, requiere saber los l\u00edmites en altura de acuerdo con el posible impacto aeron\u00e1utico y, en caso de que exista, ver la posibilidad de analizar dicho impacto mediante un estudio aeron\u00e1utico de seguridad detallado. \u00bfC\u00f3mo lo&hellip;","_links":{"self":[{"href":"https:\/\/navya.es\/en\/wp-json\/wp\/v2\/pages\/1506","targetHints":{"allow":["GET"]}}],"collection":[{"href":"https:\/\/navya.es\/en\/wp-json\/wp\/v2\/pages"}],"about":[{"href":"https:\/\/navya.es\/en\/wp-json\/wp\/v2\/types\/page"}],"author":[{"embeddable":true,"href":"https:\/\/navya.es\/en\/wp-json\/wp\/v2\/users\/2"}],"replies":[{"embeddable":true,"href":"https:\/\/navya.es\/en\/wp-json\/wp\/v2\/comments?post=1506"}],"version-history":[{"count":0,"href":"https:\/\/navya.es\/en\/wp-json\/wp\/v2\/pages\/1506\/revisions"}],"wp:attachment":[{"href":"https:\/\/navya.es\/en\/wp-json\/wp\/v2\/media?parent=1506"}],"curies":[{"name":"wp","href":"https:\/\/api.w.org\/{rel}","templated":true}]}}