{"id":1362,"date":"2025-08-04T10:02:10","date_gmt":"2025-08-04T10:02:10","guid":{"rendered":"https:\/\/navya.es\/?page_id=1362"},"modified":"2025-09-24T07:03:30","modified_gmt":"2025-09-24T07:03:30","slug":"diseno-espacio-aereo-uas","status":"publish","type":"page","link":"https:\/\/navya.es\/en\/diseno-espacio-aereo-uas\/","title":{"rendered":"Dise\u00f1o de espacio a\u00e9reo y corredores UAS"},"content":{"rendered":"<div class=\"wp-block-group has-global-padding is-layout-constrained wp-block-group-is-layout-constrained\">\n<div class=\"wp-block-columns alignwide is-layout-flex wp-container-core-columns-is-layout-28f84493 wp-block-columns-is-layout-flex\">\n<div class=\"wp-block-column is-layout-flow wp-block-column-is-layout-flow\" style=\"flex-basis:70%\">\n<div data-aos= \"fade\" data-aos-duration=\"400\" data-aos-delay=\"0\" data-aos-easing=\"ease\" data-aos-once=\"true\" class=\"wp-block-uagb-advanced-heading uagb-block-30a5381b\"><h2 class=\"uagb-heading-text\">Airspace Design and UAS Corridors | Canarias Stratoport<\/h2><\/div>\n<\/div>\n\n\n\n<div class=\"wp-block-column is-layout-flow wp-block-column-is-layout-flow\" style=\"flex-basis:30%\"><\/div>\n<\/div>\n<\/div>\n\n\n\n<div class=\"wp-block-group alignwide has-global-padding is-layout-constrained wp-container-core-group-is-layout-dbb36451 wp-block-group-is-layout-constrained\" style=\"margin-bottom:0\">\n<div class=\"wp-block-cover alignwide is-light extendify-image-import\" style=\"border-radius:1rem;min-height:498px;aspect-ratio:unset;\"><img fetchpriority=\"high\" decoding=\"async\" width=\"1024\" height=\"751\" class=\"wp-block-cover__image-background wp-image-1475 size-large\" alt=\"\" src=\"http:\/\/navya.es\/wp-content\/uploads\/2025\/08\/67a0791ef90311eb5f5a3b7a_img-concept-1024x751.webp\" style=\"object-position:56% 81%\" data-object-fit=\"cover\" data-object-position=\"56% 81%\" srcset=\"https:\/\/navya.es\/wp-content\/uploads\/2025\/08\/67a0791ef90311eb5f5a3b7a_img-concept-1024x751.webp 1024w, https:\/\/navya.es\/wp-content\/uploads\/2025\/08\/67a0791ef90311eb5f5a3b7a_img-concept-300x220.webp 300w, https:\/\/navya.es\/wp-content\/uploads\/2025\/08\/67a0791ef90311eb5f5a3b7a_img-concept-768x563.webp 768w, https:\/\/navya.es\/wp-content\/uploads\/2025\/08\/67a0791ef90311eb5f5a3b7a_img-concept.webp 1320w\" sizes=\"(max-width: 1024px) 100vw, 1024px\" \/><span aria-hidden=\"true\" class=\"wp-block-cover__background has-background-dim-10 has-background-dim\" style=\"background-color:#a38f79\"><\/span><div class=\"wp-block-cover__inner-container has-global-padding is-layout-constrained wp-block-cover-is-layout-constrained\">\n<div style=\"height:231px\" aria-hidden=\"true\" class=\"wp-block-spacer\"><\/div>\n<\/div><\/div>\n\n\n\n<div class=\"wp-block-columns alignwide is-layout-flex wp-container-core-columns-is-layout-28f84493 wp-block-columns-is-layout-flex\">\n<div class=\"wp-block-column is-layout-flow wp-block-column-is-layout-flow\">\n<p class=\"has-text-color has-link-color wp-elements-af70d839991b0ed111284ad202be0c95\" style=\"color:#bbbbbb;font-size:clamp(14px, 0.875rem + ((1vw - 3.2px) * 0.104), 15px);\">Photo credit: Canarias Stratoport<\/p>\n<\/div>\n<\/div>\n<\/div>\n\n\n\n<div class=\"wp-block-group has-global-padding is-layout-constrained wp-block-group-is-layout-constrained\" style=\"padding-top:var(--wp--preset--spacing--20);padding-bottom:var(--wp--preset--spacing--20)\">\n<div class=\"wp-block-columns alignwide is-layout-flex wp-container-core-columns-is-layout-28f84493 wp-block-columns-is-layout-flex\">\n<div class=\"wp-block-column is-layout-flow wp-block-column-is-layout-flow\" style=\"flex-basis:60rem\">\n<div class=\"wp-block-group is-vertical is-layout-flex wp-container-core-group-is-layout-fe9cc265 wp-block-group-is-layout-flex\">\n<h3 class=\"wp-block-heading has-large-font-size\" style=\"margin-top:12px\">The Challenge<\/h3>\n<\/div>\n\n\n\n<p class=\"has-medium-font-size\" style=\"margin-top:16px;margin-bottom:var(--wp--preset--spacing--30)\">The goal was to establish the necessary airspace conditions for the operation of Small, MALE, or HAPS UAS at Canarias Stratoport, located near Fuerteventura Airport.<\/p>\n\n\n\n<h3 class=\"wp-block-heading has-large-font-size\" style=\"margin-top:12px\">Our Solution<\/h3>\n\n\n\n<p class=\"has-medium-font-size translation-block\" style=\"margin-top:16px;margin-bottom:var(--wp--preset--spacing--30)\">We defined two airspace volumes \u2014 one surrounding the Stratoport and another serving as the flight and climb\/descent area for HAPS \u2014 both compatible with conventional aviation visual and instrument flight procedures. We also developed a network of corridors connecting both volumes, enabling various mission types.<\/p>\n\n\n\n<h3 class=\"wp-block-heading has-large-font-size\" style=\"margin-top:12px\">Benefits<\/h3>\n\n\n\n<p class=\"has-medium-font-size\" style=\"margin-top:16px\">Increased operational safety while expanding the infrastructure\u2019s capacity in both the number and type of operations.<\/p>\n<\/div>\n\n\n\n<div class=\"wp-block-column is-layout-flow wp-block-column-is-layout-flow\"><\/div>\n<\/div>\n<\/div>\n\n\n\n<div class=\"wp-block-group alignwide has-global-padding is-layout-constrained wp-block-group-is-layout-constrained\" style=\"padding-bottom:0\">\n<div class=\"wp-block-columns alignwide is-layout-flex wp-container-core-columns-is-layout-28f84493 wp-block-columns-is-layout-flex\">\n<div class=\"wp-block-column is-layout-flow wp-block-column-is-layout-flow\" style=\"flex-basis:30%\">\n<div class=\"wp-block-cover alignwide extendify-image-import\" style=\"border-radius:1rem;margin-bottom:0;padding-bottom:0;min-height:322px;aspect-ratio:unset;\"><img decoding=\"async\" width=\"1024\" height=\"913\" class=\"wp-block-cover__image-background wp-image-2069 size-large\" alt=\"\" src=\"http:\/\/navya.es\/wp-content\/uploads\/2025\/08\/67a094ad93bdf71eb3b4af32_pista-p-1080-1024x913.webp\" data-object-fit=\"cover\" srcset=\"https:\/\/navya.es\/wp-content\/uploads\/2025\/08\/67a094ad93bdf71eb3b4af32_pista-p-1080-1024x913.webp 1024w, https:\/\/navya.es\/wp-content\/uploads\/2025\/08\/67a094ad93bdf71eb3b4af32_pista-p-1080-300x268.webp 300w, https:\/\/navya.es\/wp-content\/uploads\/2025\/08\/67a094ad93bdf71eb3b4af32_pista-p-1080-768x685.webp 768w, https:\/\/navya.es\/wp-content\/uploads\/2025\/08\/67a094ad93bdf71eb3b4af32_pista-p-1080-13x12.webp 13w, https:\/\/navya.es\/wp-content\/uploads\/2025\/08\/67a094ad93bdf71eb3b4af32_pista-p-1080.webp 1080w\" sizes=\"(max-width: 1024px) 100vw, 1024px\" \/><span aria-hidden=\"true\" class=\"wp-block-cover__background has-background-dim-40 has-background-dim\" style=\"background-color:#7f5849\"><\/span><div class=\"wp-block-cover__inner-container has-global-padding is-layout-constrained wp-container-core-cover-is-layout-eb98f325 wp-block-cover-is-layout-constrained\">\n<div style=\"height:215px\" aria-hidden=\"true\" class=\"wp-block-spacer\"><\/div>\n<\/div><\/div>\n\n\n\n<p class=\"has-text-color has-link-color wp-elements-af70d839991b0ed111284ad202be0c95\" style=\"color:#bbbbbb;font-size:clamp(14px, 0.875rem + ((1vw - 3.2px) * 0.104), 15px);\">Photo credit: Canarias Stratoport<\/p>\n<\/div>\n\n\n\n<div class=\"wp-block-column is-layout-flow wp-block-column-is-layout-flow\" style=\"flex-basis:70%\">\n<figure class=\"wp-block-image size-full has-custom-border ext-aspect-landscape extendify-image-import\" style=\"margin-bottom:0\"><img decoding=\"async\" width=\"1127\" height=\"625\" src=\"http:\/\/navya.es\/wp-content\/uploads\/2025\/08\/imagen-5.png\" alt=\"\" class=\"has-border-color wp-image-1647\" style=\"border-color:#8a8a8a9e;border-width:1px;border-radius:1rem;aspect-ratio:16\/9;object-fit:cover\" srcset=\"https:\/\/navya.es\/wp-content\/uploads\/2025\/08\/imagen-5.png 1127w, https:\/\/navya.es\/wp-content\/uploads\/2025\/08\/imagen-5-300x166.png 300w, https:\/\/navya.es\/wp-content\/uploads\/2025\/08\/imagen-5-1024x568.png 1024w, https:\/\/navya.es\/wp-content\/uploads\/2025\/08\/imagen-5-768x426.png 768w\" sizes=\"(max-width: 1127px) 100vw, 1127px\" \/><\/figure>\n\n\n\n<p class=\"has-text-color has-link-color wp-elements-58d8abd9bdf1d26652e9cc1592a2e3c0\" style=\"color:#bbbbbb;font-size:clamp(14px, 0.875rem + ((1vw - 3.2px) * 0.104), 15px);\">Population density map of the island over which the drones operate<\/p>\n<\/div>\n<\/div>\n<\/div>\n\n\n\n<div class=\"wp-block-group alignfull has-background-background-color has-background has-global-padding is-layout-constrained wp-container-core-group-is-layout-85cf4f68 wp-block-group-is-layout-constrained\" style=\"margin-top:0;margin-bottom:0;padding-top:var(--wp--preset--spacing--80);padding-right:var(--wp--preset--spacing--30);padding-bottom:var(--wp--preset--spacing--60);padding-left:var(--wp--preset--spacing--30)\">\n<h2 class=\"wp-block-heading alignwide has-large-font-size\">Other Projects<\/h2>\n\n\n\n<div class=\"wp-block-columns alignwide is-layout-flex wp-container-core-columns-is-layout-8292df6c wp-block-columns-is-layout-flex\" style=\"padding-top:var(--wp--preset--spacing--30);padding-bottom:var(--wp--preset--spacing--30)\">\n<div class=\"wp-block-column is-layout-flow wp-block-column-is-layout-flow\"><\/div>\n\n\n\n<div class=\"wp-block-column is-layout-flow wp-block-column-is-layout-flow\">\n<div class=\"wp-block-uagb-image uagb-block-437c093f wp-block-uagb-image--layout-overlay wp-block-uagb-image--effect-static wp-block-uagb-image--align-none\"><figure class=\"wp-block-uagb-image__figure\"><a class=\"\" href=\"https:\/\/navya.es\/en\/desarrollo-aerodromo-privado\/\" target=\"\" rel=\"noopener\"><img loading=\"lazy\" decoding=\"async\" srcset=\"https:\/\/navya.es\/wp-content\/uploads\/2025\/08\/adrien-tanic-lKWDkcymdEI-unsplash-2-1024x683.jpg ,https:\/\/navya.es\/wp-content\/uploads\/2025\/08\/adrien-tanic-lKWDkcymdEI-unsplash-2-scaled.jpg 780w, https:\/\/navya.es\/wp-content\/uploads\/2025\/08\/adrien-tanic-lKWDkcymdEI-unsplash-2-scaled.jpg 360w\" sizes=\"auto, (max-width: 480px) 150px\" src=\"https:\/\/navya.es\/wp-content\/uploads\/2025\/08\/adrien-tanic-lKWDkcymdEI-unsplash-2-1024x683.jpg\" alt=\"\" class=\"uag-image-2497\" width=\"1024\" height=\"768\" title=\"adrien-tanic-lKWDkcymdEI-unsplash\" role=\"img\"\/><\/a><div class=\"wp-block-uagb-image--layout-overlay__color-wrapper\"><\/div><div class=\"wp-block-uagb-image--layout-overlay__inner top-left\"><a class=\"wp-block-uagb-image--layout-overlay-link\" href=\"https:\/\/navya.es\/en\/desarrollo-aerodromo-privado\/\" target=\"\" rel=\"noopener\"><\/a><h6 class=\"uagb-image-heading\">Private Aerodrome Development<\/h6><\/div><\/figure><\/div>\n<\/div>\n\n\n\n<div class=\"wp-block-column is-layout-flow wp-block-column-is-layout-flow\">\n<div class=\"wp-block-uagb-image uagb-block-d17fc3c2 wp-block-uagb-image--layout-overlay wp-block-uagb-image--effect-static wp-block-uagb-image--align-none\"><figure class=\"wp-block-uagb-image__figure\"><a class=\"\" href=\"https:\/\/navya.es\/en\/diseno-eo-sid-grupo-binter\/\" target=\"\" rel=\"noopener\"><img loading=\"lazy\" decoding=\"async\" srcset=\"https:\/\/navya.es\/wp-content\/uploads\/2025\/08\/image-3-1024x576.jpg ,https:\/\/navya.es\/wp-content\/uploads\/2025\/08\/image-3.jpg 780w, https:\/\/navya.es\/wp-content\/uploads\/2025\/08\/image-3.jpg 360w\" sizes=\"auto, (max-width: 480px) 150px\" src=\"https:\/\/navya.es\/wp-content\/uploads\/2025\/08\/image-3-1024x576.jpg\" alt=\"\" class=\"uag-image-1542\" width=\"1024\" height=\"768\" title=\"image\" role=\"img\"\/><\/a><div class=\"wp-block-uagb-image--layout-overlay__color-wrapper\"><\/div><div class=\"wp-block-uagb-image--layout-overlay__inner top-left\"><a class=\"wp-block-uagb-image--layout-overlay-link\" href=\"https:\/\/navya.es\/en\/diseno-eo-sid-grupo-binter\/\" target=\"\" rel=\"noopener\"><\/a><h6 class=\"uagb-image-heading\">EO-SID Procedure Design | Grupo Binter<\/h6><\/div><\/figure><\/div>\n<\/div>\n\n\n\n<div class=\"wp-block-column is-layout-flow wp-block-column-is-layout-flow\">\n<div class=\"wp-block-uagb-image uagb-block-c19fd4d7 wp-block-uagb-image--layout-overlay wp-block-uagb-image--effect-static wp-block-uagb-image--align-none\"><figure class=\"wp-block-uagb-image__figure\"><a class=\"\" href=\"https:\/\/navya.es\/en\/repotenciacion-parque-eolico\/\" target=\"\" rel=\"noopener\"><img loading=\"lazy\" decoding=\"async\" srcset=\"https:\/\/navya.es\/wp-content\/uploads\/2025\/08\/abby-anaday-Nnn2Dc6niVU-unsplash-1024x680.jpg ,https:\/\/navya.es\/wp-content\/uploads\/2025\/08\/abby-anaday-Nnn2Dc6niVU-unsplash-scaled.jpg 780w, https:\/\/navya.es\/wp-content\/uploads\/2025\/08\/abby-anaday-Nnn2Dc6niVU-unsplash-scaled.jpg 360w\" sizes=\"auto, (max-width: 480px) 150px\" src=\"https:\/\/navya.es\/wp-content\/uploads\/2025\/08\/abby-anaday-Nnn2Dc6niVU-unsplash-1024x680.jpg\" alt=\"\" class=\"uag-image-2281\" width=\"1024\" height=\"768\" title=\"abby-anaday-Nnn2Dc6niVU-unsplash\" role=\"img\"\/><\/a><div class=\"wp-block-uagb-image--layout-overlay__color-wrapper\"><\/div><div class=\"wp-block-uagb-image--layout-overlay__inner top-left\"><a class=\"wp-block-uagb-image--layout-overlay-link\" href=\"https:\/\/navya.es\/en\/repotenciacion-parque-eolico\/\" target=\"\" rel=\"noopener\"><\/a><h6 class=\"uagb-image-heading\">Wind Farm Repowering<\/h6><\/div><\/figure><\/div>\n<\/div>\n<\/div>\n\n\n\n<div class=\"wp-block-buttons alignwide is-horizontal is-content-justification-right is-layout-flex wp-container-core-buttons-is-layout-c1ce71a8 wp-block-buttons-is-layout-flex\" style=\"margin-top:0;padding-top:var(--wp--preset--spacing--20)\">\n<div class=\"wp-block-button is-style-fill\"><a class=\"wp-block-button__link has-foreground-color has-text-color has-background has-link-color wp-element-button\" href=\"https:\/\/navya.es\/en\/proyectos\/\" style=\"border-style:none;border-width:0px;border-radius:28px;background-color:#69141400;line-height:1.5;text-decoration:underline\">Show more projects <\/a><\/div>\n<\/div>\n<\/div>","protected":false},"excerpt":{"rendered":"<p>Dise\u00f1o de espacio a\u00e9reo y corredores UAS | Canarias Stratoport Fotograf\u00eda de Canarias Stratoport El reto Se requiere habilitar las condiciones adecuadas desde el punto de vista de espacio a\u00e9reo para la operaci\u00f3n de UAS de tipo Small, MALE o HAPS en el Canarias Stratoport, que a su vez se encuentra en las proximidades del [&hellip;]<\/p>","protected":false},"author":2,"featured_media":0,"parent":0,"menu_order":0,"comment_status":"closed","ping_status":"closed","template":"","meta":{"_uag_custom_page_level_css":"","footnotes":""},"class_list":["post-1362","page","type-page","status-publish","hentry"],"aioseo_notices":[],"uagb_featured_image_src":{"full":false,"thumbnail":false,"medium":false,"medium_large":false,"large":false,"1536x1536":false,"2048x2048":false,"trp-custom-language-flag":false},"uagb_author_info":{"display_name":"Tatiana Ram\u00edrez","author_link":"https:\/\/navya.es\/en\/author\/tramirez\/"},"uagb_comment_info":0,"uagb_excerpt":"Dise\u00f1o de espacio a\u00e9reo y corredores UAS | Canarias Stratoport Fotograf\u00eda de Canarias Stratoport El reto Se requiere habilitar las condiciones adecuadas desde el punto de vista de espacio a\u00e9reo para la operaci\u00f3n de UAS de tipo Small, MALE o HAPS en el Canarias Stratoport, que a su vez se encuentra en las proximidades del&hellip;","_links":{"self":[{"href":"https:\/\/navya.es\/en\/wp-json\/wp\/v2\/pages\/1362","targetHints":{"allow":["GET"]}}],"collection":[{"href":"https:\/\/navya.es\/en\/wp-json\/wp\/v2\/pages"}],"about":[{"href":"https:\/\/navya.es\/en\/wp-json\/wp\/v2\/types\/page"}],"author":[{"embeddable":true,"href":"https:\/\/navya.es\/en\/wp-json\/wp\/v2\/users\/2"}],"replies":[{"embeddable":true,"href":"https:\/\/navya.es\/en\/wp-json\/wp\/v2\/comments?post=1362"}],"version-history":[{"count":0,"href":"https:\/\/navya.es\/en\/wp-json\/wp\/v2\/pages\/1362\/revisions"}],"wp:attachment":[{"href":"https:\/\/navya.es\/en\/wp-json\/wp\/v2\/media?parent=1362"}],"curies":[{"name":"wp","href":"https:\/\/api.w.org\/{rel}","templated":true}]}}